
{"id":12,"date":"2020-06-29T08:09:20","date_gmt":"2020-06-29T06:09:20","guid":{"rendered":"http:\/\/sw-themes.com\/porto_dummy\/?page_id=12"},"modified":"2026-03-14T11:46:23","modified_gmt":"2026-03-14T10:46:23","slug":"fuel-girls","status":"publish","type":"page","link":"https:\/\/www.godsofinktattooconvention.com\/de\/events\/fuel-girls\/","title":{"rendered":"FUEL Girls"},"content":{"rendered":"<div data-elementor-type=\"wp-page\" data-elementor-id=\"12\" class=\"elementor elementor-12\">\n\t\t\t\t\t\t<section class=\"elementor-section elementor-top-section elementor-element elementor-element-9670266 flex-wrap-wrap pt-60 pb-40 elementor-reverse-tablet elementor-reverse-mobile elementor-section-boxed elementor-section-height-default elementor-section-height-default\" data-id=\"9670266\" data-element_type=\"section\">\r\n\t\t\r\n\t\t\t\t\t\t\t<div class=\"elementor-container elementor-column-gap-default\">\r\n\t\t\t\t\t\t\t\t\t\t\t<div class=\"elementor-column elementor-col-50 elementor-top-column elementor-element elementor-element-a39d1ac\" data-id=\"a39d1ac\" data-element_type=\"column\">\r\n\t\t\t\t\t<div class=\"elementor-widget-wrap elementor-element-populated\">\r\n\t\t\t\t\t\t\t\t<div class=\"elementor-element elementor-element-75c5fa0 mb-1 pb-3 elementor-widget elementor-widget-heading\" data-id=\"75c5fa0\" data-element_type=\"widget\" data-widget_type=\"heading.default\">\n\t\t\t\t<div class=\"elementor-widget-container\">\n\t\t\t\t\t<h3 class=\"elementor-heading-title elementor-size-default\">Our main Events:<\/h3>\t\t\t\t<\/div>\n\t\t\t\t<\/div>\n\t\t\t\t<div class=\"elementor-element elementor-element-f0dd112 elementor-widget elementor-widget-porto_sidebar_menu\" data-id=\"f0dd112\" data-element_type=\"widget\" data-widget_type=\"porto_sidebar_menu.default\">\n\t\t\t\t<div class=\"elementor-widget-container\">\n\t\t\t\t\t<div class=\"widget_sidebar_menu main-sidebar-menu service-menu mb-lg-5\"><div class=\"sidebar-menu-wrap\">Please select a valid menu to display.<\/div><\/div>\t\t\t\t<\/div>\n\t\t\t\t<\/div>\n\t\t\t\t\t<\/div>\r\n\t\t\t\t<\/div>\r\n\t\t\t\t<div class=\"elementor-column elementor-col-50 elementor-top-column elementor-element elementor-element-255b5c2\" data-id=\"255b5c2\" data-element_type=\"column\">\r\n\t\t\t\t\t<div class=\"elementor-widget-wrap elementor-element-populated\">\r\n\t\t\t\t\t\t\t\t<div class=\"elementor-element elementor-element-aff70f4 elementor-widget elementor-widget-heading\" data-id=\"aff70f4\" data-element_type=\"widget\" data-widget_type=\"heading.default\">\n\t\t\t\t<div class=\"elementor-widget-container\">\n\t\t\t\t\t<h2 class=\"elementor-heading-title elementor-size-default\">FUEL Girls - Live-Unterhaltung auf der Gods Of Ink Tattoo Convention<\/h2>\t\t\t\t<\/div>\n\t\t\t\t<\/div>\n\t\t\t\t<div class=\"elementor-element elementor-element-233786c mb-2 elementor-widget elementor-widget-text-editor\" data-id=\"233786c\" data-element_type=\"widget\" data-widget_type=\"text-editor.default\">\n\t\t\t\t<div class=\"elementor-widget-container\">\n\t\t\t\t\t\t\t\t\t<p class=\"\">Die Fuel Girls sind eine kreative Kraft in der Welt der Tattoo-Show-Unterhaltung und produzieren Jahr f\u00fcr Jahr brandneue, aufregende B\u00fchnenshows mit neuen Themen und F\u00e4higkeiten. Nachdem sie sich nach den unglaublichen d\u00fcster-gotischen und verdrehten Zirkusshows des letzten Jahres keine Pause geg\u00f6nnt haben, sind die Fuel Girls zur\u00fcck \u2013 diesmal mit etwas deutlich spa\u00dfigerem und VIEL farbenfroherem! <\/p>\t\t\t\t\t\t\t\t<\/div>\n\t\t\t\t<\/div>\n\t\t\t\t<div class=\"elementor-element elementor-element-c8b32ab elementor-widget elementor-widget-porto_image_gallery\" data-id=\"c8b32ab\" data-element_type=\"widget\" data-settings=\"{&quot;view&quot;:&quot;masonry&quot;,&quot;spacing&quot;:{&quot;unit&quot;:&quot;px&quot;,&quot;size&quot;:&quot;&quot;,&quot;sizes&quot;:[]}}\" data-widget_type=\"porto_image_gallery.default\">\n\t\t\t\t<div class=\"elementor-widget-container\">\n\t\t\t\t\t<div class=\"porto-gallery has-ccols ccols-1 porto-gallery-masonry porto-ig-zoom\" data-plugin-masonry data-plugin-options=\"{&quot;layoutMode&quot;:&quot;masonry&quot;,&quot;itemSelector&quot;:&quot;a&quot;,&quot;masonry&quot;:{&quot;columnWidth&quot;:&quot;a&quot;},&quot;animationEngine&quot;:&quot;best-available&quot;,&quot;resizable&quot;:false}\"><a href=\"https:\/\/www.godsofinktattooconvention.com\/wp-content\/uploads\/2026\/03\/DSC019861.jpg\"><figure><img fetchpriority=\"high\" decoding=\"async\" width=\"1078\" height=\"719\" src=\"https:\/\/www.godsofinktattooconvention.com\/wp-content\/uploads\/2026\/03\/DSC019861.jpg\" class=\"attachment-full size-full\" alt=\"\" srcset=\"https:\/\/www.godsofinktattooconvention.com\/wp-content\/uploads\/2026\/03\/DSC019861.jpg 1078w, https:\/\/www.godsofinktattooconvention.com\/wp-content\/uploads\/2026\/03\/DSC019861-1024x683.jpg 1024w, https:\/\/www.godsofinktattooconvention.com\/wp-content\/uploads\/2026\/03\/DSC019861-768x512.jpg 768w, https:\/\/www.godsofinktattooconvention.com\/wp-content\/uploads\/2026\/03\/DSC019861-640x427.jpg 640w, https:\/\/www.godsofinktattooconvention.com\/wp-content\/uploads\/2026\/03\/DSC019861-400x267.jpg 400w, https:\/\/www.godsofinktattooconvention.com\/wp-content\/uploads\/2026\/03\/DSC019861-367x245.jpg 367w\" sizes=\"(max-width: 1078px) 100vw, 1078px\" \/><\/figure><\/a><\/div>\t\t\t\t<\/div>\n\t\t\t\t<\/div>\n\t\t\t\t<div class=\"elementor-element elementor-element-503e27e mb-2 elementor-widget elementor-widget-text-editor\" data-id=\"503e27e\" data-element_type=\"widget\" data-widget_type=\"text-editor.default\">\n\t\t\t\t<div class=\"elementor-widget-container\">\n\t\t\t\t\t\t\t\t\t<p class=\"\">Wenn du das Ph\u00e4nomen K-Pop noch nie erlebt hast, wird diese Show dir die Augen \u00f6ffnen und dir die Kinnlade herunterklappen lassen! Show eins ist eine urbane Fantasy mit einem kr\u00e4ftigen Pop aus Farbe \u2026 Die Waffen sind bereit \u2013 die D\u00e4monenj\u00e4gerinnen sind hier, um zuzuschlagen! Freut euch auf energiegeladene Performances, synchronisierte Choreografien und einen vielseitigen Musikstil. <\/p>\t\t\t\t\t\t\t\t<\/div>\n\t\t\t\t<\/div>\n\t\t\t\t<div class=\"elementor-element elementor-element-60c9564 elementor-widget elementor-widget-porto_image_gallery\" data-id=\"60c9564\" data-element_type=\"widget\" data-settings=\"{&quot;view&quot;:&quot;masonry&quot;,&quot;spacing&quot;:{&quot;unit&quot;:&quot;px&quot;,&quot;size&quot;:&quot;&quot;,&quot;sizes&quot;:[]}}\" data-widget_type=\"porto_image_gallery.default\">\n\t\t\t\t<div class=\"elementor-widget-container\">\n\t\t\t\t\t<div class=\"porto-gallery has-ccols ccols-1 porto-gallery-masonry porto-ig-zoom\" data-plugin-masonry data-plugin-options=\"{&quot;layoutMode&quot;:&quot;masonry&quot;,&quot;itemSelector&quot;:&quot;a&quot;,&quot;masonry&quot;:{&quot;columnWidth&quot;:&quot;a&quot;},&quot;animationEngine&quot;:&quot;best-available&quot;,&quot;resizable&quot;:false}\"><a href=\"https:\/\/www.godsofinktattooconvention.com\/wp-content\/uploads\/2026\/03\/DSC00806.jpg\"><figure><img decoding=\"async\" width=\"1078\" height=\"719\" src=\"https:\/\/www.godsofinktattooconvention.com\/wp-content\/uploads\/2026\/03\/DSC00806.jpg\" class=\"attachment-full size-full\" alt=\"\" srcset=\"https:\/\/www.godsofinktattooconvention.com\/wp-content\/uploads\/2026\/03\/DSC00806.jpg 1078w, https:\/\/www.godsofinktattooconvention.com\/wp-content\/uploads\/2026\/03\/DSC00806-1024x683.jpg 1024w, https:\/\/www.godsofinktattooconvention.com\/wp-content\/uploads\/2026\/03\/DSC00806-768x512.jpg 768w, https:\/\/www.godsofinktattooconvention.com\/wp-content\/uploads\/2026\/03\/DSC00806-640x427.jpg 640w, https:\/\/www.godsofinktattooconvention.com\/wp-content\/uploads\/2026\/03\/DSC00806-400x267.jpg 400w, https:\/\/www.godsofinktattooconvention.com\/wp-content\/uploads\/2026\/03\/DSC00806-367x245.jpg 367w\" sizes=\"(max-width: 1078px) 100vw, 1078px\" \/><\/figure><\/a><\/div>\t\t\t\t<\/div>\n\t\t\t\t<\/div>\n\t\t\t\t<div class=\"elementor-element elementor-element-0696471 mb-2 elementor-widget elementor-widget-text-editor\" data-id=\"0696471\" data-element_type=\"widget\" data-widget_type=\"text-editor.default\">\n\t\t\t\t<div class=\"elementor-widget-container\">\n\t\t\t\t\t\t\t\t\t<p class=\"\">Show zwei: Die Fuel Girls kehren zu ihren Old-School-Wurzeln zur\u00fcck \u2013 mit purem Rock-\u2019n\u2019-Roll-Sexappeal! Erwartet Leder, High Heels und Latex sowie einen fantastischen, schweren Soundtrack, den alle Rockfans \u2013 alte wie neue \u2013 kennen und wiedererkennen werden. <\/p>\t\t\t\t\t\t\t\t<\/div>\n\t\t\t\t<\/div>\n\t\t\t\t<div class=\"elementor-element elementor-element-acec12b elementor-widget elementor-widget-porto_image_gallery\" data-id=\"acec12b\" data-element_type=\"widget\" data-settings=\"{&quot;view&quot;:&quot;masonry&quot;,&quot;spacing&quot;:{&quot;unit&quot;:&quot;px&quot;,&quot;size&quot;:&quot;&quot;,&quot;sizes&quot;:[]}}\" data-widget_type=\"porto_image_gallery.default\">\n\t\t\t\t<div class=\"elementor-widget-container\">\n\t\t\t\t\t<div class=\"porto-gallery has-ccols ccols-1 porto-gallery-masonry porto-ig-zoom\" data-plugin-masonry data-plugin-options=\"{&quot;layoutMode&quot;:&quot;masonry&quot;,&quot;itemSelector&quot;:&quot;a&quot;,&quot;masonry&quot;:{&quot;columnWidth&quot;:&quot;a&quot;},&quot;animationEngine&quot;:&quot;best-available&quot;,&quot;resizable&quot;:false}\"><a href=\"https:\/\/www.godsofinktattooconvention.com\/wp-content\/uploads\/2026\/03\/DSC01914.jpg\"><figure><img decoding=\"async\" width=\"1078\" height=\"719\" src=\"https:\/\/www.godsofinktattooconvention.com\/wp-content\/uploads\/2026\/03\/DSC01914.jpg\" class=\"attachment-full size-full\" alt=\"\" srcset=\"https:\/\/www.godsofinktattooconvention.com\/wp-content\/uploads\/2026\/03\/DSC01914.jpg 1078w, https:\/\/www.godsofinktattooconvention.com\/wp-content\/uploads\/2026\/03\/DSC01914-1024x683.jpg 1024w, https:\/\/www.godsofinktattooconvention.com\/wp-content\/uploads\/2026\/03\/DSC01914-768x512.jpg 768w, https:\/\/www.godsofinktattooconvention.com\/wp-content\/uploads\/2026\/03\/DSC01914-640x427.jpg 640w, https:\/\/www.godsofinktattooconvention.com\/wp-content\/uploads\/2026\/03\/DSC01914-400x267.jpg 400w, https:\/\/www.godsofinktattooconvention.com\/wp-content\/uploads\/2026\/03\/DSC01914-367x245.jpg 367w\" sizes=\"(max-width: 1078px) 100vw, 1078px\" \/><\/figure><\/a><\/div>\t\t\t\t<\/div>\n\t\t\t\t<\/div>\n\t\t\t\t<div class=\"elementor-element elementor-element-eeb9cc5 mb-2 elementor-widget elementor-widget-text-editor\" data-id=\"eeb9cc5\" data-element_type=\"widget\" data-widget_type=\"text-editor.default\">\n\t\t\t\t<div class=\"elementor-widget-container\">\n\t\t\t\t\t\t\t\t\t<p class=\"\">Dieses Jahr gibt es etwas Neues f\u00fcr die j\u00fcngere Generation sowie einen gro\u00dfartigen klassischen Throwback f\u00fcr alle, die traditionelle Tattoo-Show-Unterhaltung lieben. Im Line-up sind eure Lieblingscrew t\u00e4towierter Girls \u2026 mit Amy, Shannon und Wren, die Feuer und Funken bringen \u2013 unterst\u00fctzt von der ph\u00e4nomenalen Aerial-K\u00fcnstlerin Miranda Menzies, die hoch \u00fcber der B\u00fchne durch die Luft fliegt! <\/p>\t\t\t\t\t\t\t\t<\/div>\n\t\t\t\t<\/div>\n\t\t\t\t<div class=\"elementor-element elementor-element-75d8b9d mt-3 elementor-widget elementor-widget-porto_image_gallery\" data-id=\"75d8b9d\" data-element_type=\"widget\" data-settings=\"{&quot;view&quot;:&quot;masonry&quot;,&quot;spacing&quot;:{&quot;unit&quot;:&quot;px&quot;,&quot;size&quot;:&quot;&quot;,&quot;sizes&quot;:[]}}\" data-widget_type=\"porto_image_gallery.default\">\n\t\t\t\t<div class=\"elementor-widget-container\">\n\t\t\t\t\t<div class=\"porto-gallery has-ccols ccols-1 ccols-sm-2 porto-gallery-masonry porto-ig-zoom\" data-plugin-masonry data-plugin-options=\"{&quot;layoutMode&quot;:&quot;masonry&quot;,&quot;itemSelector&quot;:&quot;a&quot;,&quot;masonry&quot;:{&quot;columnWidth&quot;:&quot;a&quot;},&quot;animationEngine&quot;:&quot;best-available&quot;,&quot;resizable&quot;:false}\"><a href=\"https:\/\/www.godsofinktattooconvention.com\/wp-content\/uploads\/2026\/03\/DSC03661.jpg\"><figure><img loading=\"lazy\" decoding=\"async\" width=\"1078\" height=\"1617\" src=\"https:\/\/www.godsofinktattooconvention.com\/wp-content\/uploads\/2026\/03\/DSC03661.jpg\" class=\"attachment-full size-full\" alt=\"\" srcset=\"https:\/\/www.godsofinktattooconvention.com\/wp-content\/uploads\/2026\/03\/DSC03661.jpg 1078w, https:\/\/www.godsofinktattooconvention.com\/wp-content\/uploads\/2026\/03\/DSC03661-683x1024.jpg 683w, https:\/\/www.godsofinktattooconvention.com\/wp-content\/uploads\/2026\/03\/DSC03661-768x1152.jpg 768w, https:\/\/www.godsofinktattooconvention.com\/wp-content\/uploads\/2026\/03\/DSC03661-640x960.jpg 640w, https:\/\/www.godsofinktattooconvention.com\/wp-content\/uploads\/2026\/03\/DSC03661-400x600.jpg 400w, https:\/\/www.godsofinktattooconvention.com\/wp-content\/uploads\/2026\/03\/DSC03661-367x551.jpg 367w\" sizes=\"(max-width: 1078px) 100vw, 1078px\" \/><\/figure><\/a><a href=\"https:\/\/www.godsofinktattooconvention.com\/wp-content\/uploads\/2026\/03\/DSC03198.jpg\"><figure><img loading=\"lazy\" decoding=\"async\" width=\"1078\" height=\"1617\" src=\"https:\/\/www.godsofinktattooconvention.com\/wp-content\/uploads\/2026\/03\/DSC03198.jpg\" class=\"attachment-full size-full\" alt=\"\" srcset=\"https:\/\/www.godsofinktattooconvention.com\/wp-content\/uploads\/2026\/03\/DSC03198.jpg 1078w, https:\/\/www.godsofinktattooconvention.com\/wp-content\/uploads\/2026\/03\/DSC03198-683x1024.jpg 683w, https:\/\/www.godsofinktattooconvention.com\/wp-content\/uploads\/2026\/03\/DSC03198-768x1152.jpg 768w, https:\/\/www.godsofinktattooconvention.com\/wp-content\/uploads\/2026\/03\/DSC03198-640x960.jpg 640w, https:\/\/www.godsofinktattooconvention.com\/wp-content\/uploads\/2026\/03\/DSC03198-400x600.jpg 400w, https:\/\/www.godsofinktattooconvention.com\/wp-content\/uploads\/2026\/03\/DSC03198-367x551.jpg 367w\" sizes=\"(max-width: 1078px) 100vw, 1078px\" \/><\/figure><\/a><\/div>\t\t\t\t<\/div>\n\t\t\t\t<\/div>\n\t\t\t\t<div class=\"elementor-element elementor-element-92abc42 mb0 elementor-widget elementor-widget-text-editor\" data-id=\"92abc42\" data-element_type=\"widget\" data-widget_type=\"text-editor.default\">\n\t\t\t\t<div class=\"elementor-widget-container\">\n\t\t\t\t\t\t\t\t\t<p class=\"\">Die diesj\u00e4hrigen Auftritte sollte man auf keinen Fall verpassen. Also kommt fr\u00fch, stellt euch m\u00f6glichst weit nach vorne (aber nicht zu nah ans Feuer!) und w\u00e4rmt eure Stimmen auf, um laut zu rufen: \u201eMake some noise, Frankfurt!\u201c<\/p><p><a href=\"https:\/\/www.fuelgirls.co.uk\/\" target=\"_blank\" rel=\"noopener\">www.fuelgirls.co.uk<\/a><br \/><a href=\"https:\/\/www.instagram.com\/thefuelgirls\" target=\"_blank\" rel=\"noopener\">www.instagram.com\/thefuelgirls<\/a><br \/><a href=\"https:\/\/www.facebook.com\/thefuelgirls\" target=\"_blank\" rel=\"noopener\">www.facebook.com\/thefuelgirls<\/a><\/p>\t\t\t\t\t\t\t\t<\/div>\n\t\t\t\t<\/div>\n\t\t\t\t\t<\/div>\r\n\t\t\t\t<\/div>\r\n\t\t\t\t\t<\/div>\r\n\t\t\t\t<\/section>\r\n\t\t\t\t<\/div>","protected":false},"excerpt":{"rendered":"<p>Our main Events: TIMETABLE Tattoo Competition FUEL Girls Irezumi Bijinga Sabina Kelley Horimono Shashin Keaps Exhibiton DJ Dag FELIX \u2013 Dare to dream Chris Guest Jam Box Tattoo Guitar Auction Karina Peisker Dannero &#8211; Heavy Mental FUEL Girls \u2013 Live Entertainment at the Gods Of Ink Tattoo Convention The Fuel Girls are a creative force [&hellip;]<\/p>","protected":false},"author":1,"featured_media":0,"parent":3634,"menu_order":0,"comment_status":"closed","ping_status":"closed","template":"","meta":{"footnotes":""},"class_list":["post-12","page","type-page","status-publish","hentry"],"_links":{"self":[{"href":"https:\/\/www.godsofinktattooconvention.com\/de\/wp-json\/wp\/v2\/pages\/12","targetHints":{"allow":["GET"]}}],"collection":[{"href":"https:\/\/www.godsofinktattooconvention.com\/de\/wp-json\/wp\/v2\/pages"}],"about":[{"href":"https:\/\/www.godsofinktattooconvention.com\/de\/wp-json\/wp\/v2\/types\/page"}],"author":[{"embeddable":true,"href":"https:\/\/www.godsofinktattooconvention.com\/de\/wp-json\/wp\/v2\/users\/1"}],"replies":[{"embeddable":true,"href":"https:\/\/www.godsofinktattooconvention.com\/de\/wp-json\/wp\/v2\/comments?post=12"}],"version-history":[{"count":0,"href":"https:\/\/www.godsofinktattooconvention.com\/de\/wp-json\/wp\/v2\/pages\/12\/revisions"}],"up":[{"embeddable":true,"href":"https:\/\/www.godsofinktattooconvention.com\/de\/wp-json\/wp\/v2\/pages\/3634"}],"wp:attachment":[{"href":"https:\/\/www.godsofinktattooconvention.com\/de\/wp-json\/wp\/v2\/media?parent=12"}],"curies":[{"name":"wp","href":"https:\/\/api.w.org\/{rel}","templated":true}]}}