
{"id":14208,"date":"2026-03-14T11:28:44","date_gmt":"2026-03-14T10:28:44","guid":{"rendered":"https:\/\/www.godsofinktattooconvention.com\/?page_id=14208"},"modified":"2026-03-14T11:40:28","modified_gmt":"2026-03-14T10:40:28","slug":"mike-dorsey-3","status":"publish","type":"page","link":"https:\/\/www.godsofinktattooconvention.com\/de\/events\/mike-dorsey-3\/","title":{"rendered":"The lone wolf"},"content":{"rendered":"<div data-elementor-type=\"wp-page\" data-elementor-id=\"14208\" class=\"elementor elementor-14208\">\n\t\t\t\t\t\t<section class=\"elementor-section elementor-top-section elementor-element elementor-element-9670266 flex-wrap-wrap pt-60 pb-40 elementor-reverse-tablet elementor-reverse-mobile elementor-section-boxed elementor-section-height-default elementor-section-height-default\" data-id=\"9670266\" data-element_type=\"section\">\r\n\t\t\r\n\t\t\t\t\t\t\t<div class=\"elementor-container elementor-column-gap-default\">\r\n\t\t\t\t\t\t\t\t\t\t\t<div class=\"elementor-column elementor-col-50 elementor-top-column elementor-element elementor-element-a39d1ac\" data-id=\"a39d1ac\" data-element_type=\"column\">\r\n\t\t\t\t\t<div class=\"elementor-widget-wrap elementor-element-populated\">\r\n\t\t\t\t\t\t\t\t<div class=\"elementor-element elementor-element-75c5fa0 mb-1 pb-3 elementor-widget elementor-widget-heading\" data-id=\"75c5fa0\" data-element_type=\"widget\" data-widget_type=\"heading.default\">\n\t\t\t\t<div class=\"elementor-widget-container\">\n\t\t\t\t\t<h3 class=\"elementor-heading-title elementor-size-default\">Our main Events:<\/h3>\t\t\t\t<\/div>\n\t\t\t\t<\/div>\n\t\t\t\t<div class=\"elementor-element elementor-element-f0dd112 elementor-widget elementor-widget-porto_sidebar_menu\" data-id=\"f0dd112\" data-element_type=\"widget\" data-widget_type=\"porto_sidebar_menu.default\">\n\t\t\t\t<div class=\"elementor-widget-container\">\n\t\t\t\t\t<div class=\"widget_sidebar_menu main-sidebar-menu service-menu mb-lg-5\"><div class=\"sidebar-menu-wrap\">Please select a valid menu to display.<\/div><\/div>\t\t\t\t<\/div>\n\t\t\t\t<\/div>\n\t\t\t\t\t<\/div>\r\n\t\t\t\t<\/div>\r\n\t\t\t\t<div class=\"elementor-column elementor-col-50 elementor-top-column elementor-element elementor-element-255b5c2\" data-id=\"255b5c2\" data-element_type=\"column\">\r\n\t\t\t\t\t<div class=\"elementor-widget-wrap elementor-element-populated\">\r\n\t\t\t\t\t\t\t\t<div class=\"elementor-element elementor-element-aff70f4 elementor-widget elementor-widget-heading\" data-id=\"aff70f4\" data-element_type=\"widget\" data-widget_type=\"heading.default\">\n\t\t\t\t<div class=\"elementor-widget-container\">\n\t\t\t\t\t<h2 class=\"elementor-heading-title elementor-size-default\">Der einsame Wolf, ein Desperado der Stra\u00dfe, der nun seit 25 Jahren B\u00fchnenerfahrung besitzt.<\/h2>\t\t\t\t<\/div>\n\t\t\t\t<\/div>\n\t\t\t\t<div class=\"elementor-element elementor-element-233786c mb-2 elementor-widget elementor-widget-text-editor\" data-id=\"233786c\" data-element_type=\"widget\" data-widget_type=\"text-editor.default\">\n\t\t\t\t<div class=\"elementor-widget-container\">\n\t\t\t\t\t\t\t\t\t<p class=\"\">Er ist ein Musiker zum Anfassen, f\u00fcr jeden einzelnen von Euch. Geradeaus in Dein Herz, mit der einzigartigen Stimme eines Mannes, der die Seele auf der Zunge tr\u00e4gt. Ein Stimme, die f\u00fcr G\u00e4nsehaut sorgt! Ob nun Rock'n'Roll, Rock, Heavy Metal oder gar Pop Songs gecovert werden, er setzt alles in seinem eigenen Stil um. Warme gesungene Leidenschaft, die jeden ber\u00fchrt. Geboren um zu entertainen, k\u00f6nnte man sagen. Seine Stimme ist wahrlich ein Segen! Wenn man h\u00f6rt und sieht, wie inbr\u00fcnstig dieser Mann singt, gibt es kein Halten mehr!<\/p>\t\t\t\t\t\t\t\t<\/div>\n\t\t\t\t<\/div>\n\t\t\t\t<div class=\"elementor-element elementor-element-c8b32ab elementor-widget elementor-widget-porto_image_gallery\" data-id=\"c8b32ab\" data-element_type=\"widget\" data-settings=\"{&quot;view&quot;:&quot;masonry&quot;,&quot;spacing&quot;:{&quot;unit&quot;:&quot;px&quot;,&quot;size&quot;:&quot;&quot;,&quot;sizes&quot;:[]}}\" data-widget_type=\"porto_image_gallery.default\">\n\t\t\t\t<div class=\"elementor-widget-container\">\n\t\t\t\t\t<div class=\"porto-gallery has-ccols ccols-1 porto-gallery-masonry porto-ig-zoom\" data-plugin-masonry data-plugin-options=\"{&quot;layoutMode&quot;:&quot;masonry&quot;,&quot;itemSelector&quot;:&quot;a&quot;,&quot;masonry&quot;:{&quot;columnWidth&quot;:&quot;a&quot;},&quot;animationEngine&quot;:&quot;best-available&quot;,&quot;resizable&quot;:false}\"><a href=\"https:\/\/www.godsofinktattooconvention.com\/wp-content\/uploads\/2026\/03\/Singer.jpeg\"><figure><img fetchpriority=\"high\" decoding=\"async\" width=\"1078\" height=\"719\" src=\"https:\/\/www.godsofinktattooconvention.com\/wp-content\/uploads\/2026\/03\/Singer.jpeg\" class=\"attachment-full size-full\" alt=\"\" srcset=\"https:\/\/www.godsofinktattooconvention.com\/wp-content\/uploads\/2026\/03\/Singer.jpeg 1078w, https:\/\/www.godsofinktattooconvention.com\/wp-content\/uploads\/2026\/03\/Singer-1024x683.jpeg 1024w, https:\/\/www.godsofinktattooconvention.com\/wp-content\/uploads\/2026\/03\/Singer-768x512.jpeg 768w, https:\/\/www.godsofinktattooconvention.com\/wp-content\/uploads\/2026\/03\/Singer-640x427.jpeg 640w, https:\/\/www.godsofinktattooconvention.com\/wp-content\/uploads\/2026\/03\/Singer-400x267.jpeg 400w, https:\/\/www.godsofinktattooconvention.com\/wp-content\/uploads\/2026\/03\/Singer-367x245.jpeg 367w\" sizes=\"(max-width: 1078px) 100vw, 1078px\" \/><\/figure><\/a><\/div>\t\t\t\t<\/div>\n\t\t\t\t<\/div>\n\t\t\t\t<div class=\"elementor-element elementor-element-503e27e mb-2 elementor-widget elementor-widget-text-editor\" data-id=\"503e27e\" data-element_type=\"widget\" data-widget_type=\"text-editor.default\">\n\t\t\t\t<div class=\"elementor-widget-container\">\n\t\t\t\t\t\t\t\t\t<p class=\"\">Alles an ihm ist sympathisch und authentisch. Sein Charisma, seine Tattoos und seine Art die B\u00fchne zu erobern, sowie sein Publikum mitzurei\u00dfen. Sei dabei, wenn Andrew James am Freitagabend an der GODS OF INK Tattoo Convention singt.<\/p>\t\t\t\t\t\t\t\t<\/div>\n\t\t\t\t<\/div>\n\t\t\t\t<div class=\"elementor-element elementor-element-acec12b elementor-widget elementor-widget-porto_image_gallery\" data-id=\"acec12b\" data-element_type=\"widget\" data-settings=\"{&quot;view&quot;:&quot;masonry&quot;,&quot;spacing&quot;:{&quot;unit&quot;:&quot;px&quot;,&quot;size&quot;:&quot;&quot;,&quot;sizes&quot;:[]}}\" data-widget_type=\"porto_image_gallery.default\">\n\t\t\t\t<div class=\"elementor-widget-container\">\n\t\t\t\t\t<div class=\"porto-gallery has-ccols ccols-1 porto-gallery-masonry porto-ig-zoom\" data-plugin-masonry data-plugin-options=\"{&quot;layoutMode&quot;:&quot;masonry&quot;,&quot;itemSelector&quot;:&quot;a&quot;,&quot;masonry&quot;:{&quot;columnWidth&quot;:&quot;a&quot;},&quot;animationEngine&quot;:&quot;best-available&quot;,&quot;resizable&quot;:false}\"><a href=\"https:\/\/www.godsofinktattooconvention.com\/wp-content\/uploads\/2026\/03\/WhatsApp-Image-2026-02-27-at-08.33.41.jpeg\"><figure><img decoding=\"async\" width=\"1078\" height=\"1619\" src=\"https:\/\/www.godsofinktattooconvention.com\/wp-content\/uploads\/2026\/03\/WhatsApp-Image-2026-02-27-at-08.33.41.jpeg\" class=\"attachment-full size-full\" alt=\"\" srcset=\"https:\/\/www.godsofinktattooconvention.com\/wp-content\/uploads\/2026\/03\/WhatsApp-Image-2026-02-27-at-08.33.41.jpeg 1078w, https:\/\/www.godsofinktattooconvention.com\/wp-content\/uploads\/2026\/03\/WhatsApp-Image-2026-02-27-at-08.33.41-682x1024.jpeg 682w, https:\/\/www.godsofinktattooconvention.com\/wp-content\/uploads\/2026\/03\/WhatsApp-Image-2026-02-27-at-08.33.41-768x1153.jpeg 768w, https:\/\/www.godsofinktattooconvention.com\/wp-content\/uploads\/2026\/03\/WhatsApp-Image-2026-02-27-at-08.33.41-640x961.jpeg 640w, https:\/\/www.godsofinktattooconvention.com\/wp-content\/uploads\/2026\/03\/WhatsApp-Image-2026-02-27-at-08.33.41-400x601.jpeg 400w, https:\/\/www.godsofinktattooconvention.com\/wp-content\/uploads\/2026\/03\/WhatsApp-Image-2026-02-27-at-08.33.41-367x551.jpeg 367w\" sizes=\"(max-width: 1078px) 100vw, 1078px\" \/><\/figure><\/a><\/div>\t\t\t\t<\/div>\n\t\t\t\t<\/div>\n\t\t\t\t<div class=\"elementor-element elementor-element-0696471 mb-2 elementor-widget elementor-widget-text-editor\" data-id=\"0696471\" data-element_type=\"widget\" data-widget_type=\"text-editor.default\">\n\t\t\t\t<div class=\"elementor-widget-container\">\n\t\t\t\t\t\t\t\t\t<p class=\"translation-block\"><strong>Er lebt und rockt mit Herzblut f\u00fcr Euch, f\u00fcr Dich!<\/strong><br>Geboren in Amerika. Genauer gesagt in Portland, Oregon. Als Teenager ist er die ersten 17 Lebensjahre von einer amerikanischen Stadt in die n\u00e4chste gewandert. Ohne gro\u00dfe Aussichten hat er sich zur Army gemeldet und geht schlie\u00dflich nach Deutschland. Das sollte sein Land werden. Als gro\u00dfer Fan von alten Rock'n'Roll Helden sang er immer wieder Songs von ihnen. So wurde er zu dem, der er heute ist.<\/p>\t\t\t\t\t\t\t\t<\/div>\n\t\t\t\t<\/div>\n\t\t\t\t<div class=\"elementor-element elementor-element-12b0780 elementor-widget elementor-widget-video\" data-id=\"12b0780\" data-element_type=\"widget\" data-settings=\"{&quot;youtube_url&quot;:&quot;https:\\\/\\\/www.youtube.com\\\/watch?v=Qu7pWT9qZfI&amp;t=1s&quot;,&quot;video_type&quot;:&quot;youtube&quot;,&quot;controls&quot;:&quot;yes&quot;}\" data-widget_type=\"video.default\">\n\t\t\t\t<div class=\"elementor-widget-container\">\n\t\t\t\t\t\t\t<div class=\"elementor-wrapper elementor-open-inline\">\n\t\t\t<div class=\"elementor-video\"><\/div>\t\t<\/div>\n\t\t\t\t\t\t<\/div>\n\t\t\t\t<\/div>\n\t\t\t\t<div class=\"elementor-element elementor-element-814d04c mb0 elementor-widget elementor-widget-porto_image_gallery\" data-id=\"814d04c\" data-element_type=\"widget\" data-settings=\"{&quot;view&quot;:&quot;masonry&quot;,&quot;spacing&quot;:{&quot;unit&quot;:&quot;px&quot;,&quot;size&quot;:&quot;&quot;,&quot;sizes&quot;:[]}}\" data-widget_type=\"porto_image_gallery.default\">\n\t\t\t\t<div class=\"elementor-widget-container\">\n\t\t\t\t\t<div class=\"porto-gallery has-ccols ccols-1 porto-gallery-masonry porto-ig-zoom\" data-plugin-masonry data-plugin-options=\"{&quot;layoutMode&quot;:&quot;masonry&quot;,&quot;itemSelector&quot;:&quot;a&quot;,&quot;masonry&quot;:{&quot;columnWidth&quot;:&quot;a&quot;},&quot;animationEngine&quot;:&quot;best-available&quot;,&quot;resizable&quot;:false}\"><a href=\"https:\/\/www.godsofinktattooconvention.com\/wp-content\/uploads\/2026\/03\/Singer-Logo.jpeg\"><figure><img decoding=\"async\" width=\"1078\" height=\"868\" src=\"https:\/\/www.godsofinktattooconvention.com\/wp-content\/uploads\/2026\/03\/Singer-Logo.jpeg\" class=\"attachment-full size-full\" alt=\"\" srcset=\"https:\/\/www.godsofinktattooconvention.com\/wp-content\/uploads\/2026\/03\/Singer-Logo.jpeg 1078w, https:\/\/www.godsofinktattooconvention.com\/wp-content\/uploads\/2026\/03\/Singer-Logo-1024x825.jpeg 1024w, https:\/\/www.godsofinktattooconvention.com\/wp-content\/uploads\/2026\/03\/Singer-Logo-768x618.jpeg 768w, https:\/\/www.godsofinktattooconvention.com\/wp-content\/uploads\/2026\/03\/Singer-Logo-640x515.jpeg 640w, https:\/\/www.godsofinktattooconvention.com\/wp-content\/uploads\/2026\/03\/Singer-Logo-400x322.jpeg 400w, https:\/\/www.godsofinktattooconvention.com\/wp-content\/uploads\/2026\/03\/Singer-Logo-367x296.jpeg 367w\" sizes=\"(max-width: 1078px) 100vw, 1078px\" \/><\/figure><\/a><\/div>\t\t\t\t<\/div>\n\t\t\t\t<\/div>\n\t\t\t\t\t<\/div>\r\n\t\t\t\t<\/div>\r\n\t\t\t\t\t<\/div>\r\n\t\t\t\t<\/section>\r\n\t\t\t\t<\/div>","protected":false},"excerpt":{"rendered":"<p>Our main Events: TIMETABLE Tattoo Competition FUEL Girls Irezumi Bijinga Sabina Kelley Horimono Shashin Keaps Exhibiton DJ Dag FELIX \u2013 Dare to dream Chris Guest Jam Box Tattoo Guitar Auction Karina Peisker Dannero &#8211; Heavy Mental The lone wolf \u2014 a desperado of the road \u2014 now brings 25 years of stage experience to the [&hellip;]<\/p>","protected":false},"author":1,"featured_media":0,"parent":3634,"menu_order":0,"comment_status":"closed","ping_status":"closed","template":"","meta":{"footnotes":""},"class_list":["post-14208","page","type-page","status-publish","hentry"],"_links":{"self":[{"href":"https:\/\/www.godsofinktattooconvention.com\/de\/wp-json\/wp\/v2\/pages\/14208","targetHints":{"allow":["GET"]}}],"collection":[{"href":"https:\/\/www.godsofinktattooconvention.com\/de\/wp-json\/wp\/v2\/pages"}],"about":[{"href":"https:\/\/www.godsofinktattooconvention.com\/de\/wp-json\/wp\/v2\/types\/page"}],"author":[{"embeddable":true,"href":"https:\/\/www.godsofinktattooconvention.com\/de\/wp-json\/wp\/v2\/users\/1"}],"replies":[{"embeddable":true,"href":"https:\/\/www.godsofinktattooconvention.com\/de\/wp-json\/wp\/v2\/comments?post=14208"}],"version-history":[{"count":0,"href":"https:\/\/www.godsofinktattooconvention.com\/de\/wp-json\/wp\/v2\/pages\/14208\/revisions"}],"up":[{"embeddable":true,"href":"https:\/\/www.godsofinktattooconvention.com\/de\/wp-json\/wp\/v2\/pages\/3634"}],"wp:attachment":[{"href":"https:\/\/www.godsofinktattooconvention.com\/de\/wp-json\/wp\/v2\/media?parent=14208"}],"curies":[{"name":"wp","href":"https:\/\/api.w.org\/{rel}","templated":true}]}}