
{"id":5109,"date":"2022-12-22T22:34:49","date_gmt":"2022-12-22T21:34:49","guid":{"rendered":"https:\/\/www.godsofinktattooconvention.com\/?page_id=5109"},"modified":"2026-03-14T11:22:13","modified_gmt":"2026-03-14T10:22:13","slug":"mike-dorsey","status":"publish","type":"page","link":"https:\/\/www.godsofinktattooconvention.com\/de\/events\/mike-dorsey\/","title":{"rendered":"Mike Dorsey"},"content":{"rendered":"<div data-elementor-type=\"wp-page\" data-elementor-id=\"5109\" class=\"elementor elementor-5109\">\n\t\t\t\t\t\t<section class=\"elementor-section elementor-top-section elementor-element elementor-element-9670266 flex-wrap-wrap pt-60 pb-40 elementor-reverse-tablet elementor-reverse-mobile elementor-section-boxed elementor-section-height-default elementor-section-height-default\" data-id=\"9670266\" data-element_type=\"section\">\r\n\t\t\r\n\t\t\t\t\t\t\t<div class=\"elementor-container elementor-column-gap-default\">\r\n\t\t\t\t\t\t\t\t\t\t\t<div class=\"elementor-column elementor-col-50 elementor-top-column elementor-element elementor-element-a39d1ac\" data-id=\"a39d1ac\" data-element_type=\"column\">\r\n\t\t\t\t\t<div class=\"elementor-widget-wrap elementor-element-populated\">\r\n\t\t\t\t\t\t\t\t<div class=\"elementor-element elementor-element-75c5fa0 mb-1 pb-3 elementor-widget elementor-widget-heading\" data-id=\"75c5fa0\" data-element_type=\"widget\" data-widget_type=\"heading.default\">\n\t\t\t\t<div class=\"elementor-widget-container\">\n\t\t\t\t\t<h3 class=\"elementor-heading-title elementor-size-default\">Our main Events:<\/h3>\t\t\t\t<\/div>\n\t\t\t\t<\/div>\n\t\t\t\t<div class=\"elementor-element elementor-element-f0dd112 elementor-widget elementor-widget-porto_sidebar_menu\" data-id=\"f0dd112\" data-element_type=\"widget\" data-widget_type=\"porto_sidebar_menu.default\">\n\t\t\t\t<div class=\"elementor-widget-container\">\n\t\t\t\t\t<div class=\"widget_sidebar_menu main-sidebar-menu service-menu mb-lg-5\"><div class=\"sidebar-menu-wrap\">Please select a valid menu to display.<\/div><\/div>\t\t\t\t<\/div>\n\t\t\t\t<\/div>\n\t\t\t\t\t<\/div>\r\n\t\t\t\t<\/div>\r\n\t\t\t\t<div class=\"elementor-column elementor-col-50 elementor-top-column elementor-element elementor-element-255b5c2\" data-id=\"255b5c2\" data-element_type=\"column\">\r\n\t\t\t\t\t<div class=\"elementor-widget-wrap elementor-element-populated\">\r\n\t\t\t\t\t\t\t\t<div class=\"elementor-element elementor-element-aff70f4 elementor-widget elementor-widget-heading\" data-id=\"aff70f4\" data-element_type=\"widget\" data-widget_type=\"heading.default\">\n\t\t\t\t<div class=\"elementor-widget-container\">\n\t\t\t\t\t<h2 class=\"elementor-heading-title elementor-size-default\">Mike Dorsey<\/h2>\t\t\t\t<\/div>\n\t\t\t\t<\/div>\n\t\t\t\t<div class=\"elementor-element elementor-element-233786c mb-2 elementor-widget elementor-widget-text-editor\" data-id=\"233786c\" data-element_type=\"widget\" data-widget_type=\"text-editor.default\">\n\t\t\t\t<div class=\"elementor-widget-container\">\n\t\t\t\t\t\t\t\t\t<p class=\"\">Ich bin ein T\u00e4towierer und Maler aus Cincinna;, Ohio, und t\u00e4towiere seit 1989. Als ich meine Karriere als T\u00e4towierer begann, orientierte ich mich eher an einem amerikanischen T\u00e4towier S;l, mit einer sehr begrenzten Enzyklop\u00e4die, was die gesamte Bildsprache des T\u00e4towierens umfasste. Man darf nicht vergessen, dass es damals nur zwei Zeitschriften gab und das Internet einfach nicht existierte. Au\u00dferdem musste man, um Tattoo-Magazine zu kaufen, in die Pornoabteilung eines Zeitschriftenstandes gehen! Die Zeiten haben sich ge\u00e4ndert!<\/p>\t\t\t\t\t\t\t\t<\/div>\n\t\t\t\t<\/div>\n\t\t\t\t<div class=\"elementor-element elementor-element-c8b32ab elementor-widget elementor-widget-porto_image_gallery\" data-id=\"c8b32ab\" data-element_type=\"widget\" data-settings=\"{&quot;view&quot;:&quot;masonry&quot;,&quot;spacing&quot;:{&quot;unit&quot;:&quot;px&quot;,&quot;size&quot;:&quot;&quot;,&quot;sizes&quot;:[]}}\" data-widget_type=\"porto_image_gallery.default\">\n\t\t\t\t<div class=\"elementor-widget-container\">\n\t\t\t\t\t<div class=\"porto-gallery has-ccols ccols-1 porto-gallery-masonry porto-ig-zoom\" data-plugin-masonry data-plugin-options=\"{&quot;layoutMode&quot;:&quot;masonry&quot;,&quot;itemSelector&quot;:&quot;a&quot;,&quot;masonry&quot;:{&quot;columnWidth&quot;:&quot;a&quot;},&quot;animationEngine&quot;:&quot;best-available&quot;,&quot;resizable&quot;:false}\"><a href=\"https:\/\/www.godsofinktattooconvention.com\/wp-content\/uploads\/2026\/03\/BBB9AAFF-442B-4552-BD2A-6DD0A33F8FD1.jpg\"><figure><img fetchpriority=\"high\" decoding=\"async\" width=\"1078\" height=\"809\" src=\"https:\/\/www.godsofinktattooconvention.com\/wp-content\/uploads\/2026\/03\/BBB9AAFF-442B-4552-BD2A-6DD0A33F8FD1.jpg\" class=\"attachment-full size-full\" alt=\"\" srcset=\"https:\/\/www.godsofinktattooconvention.com\/wp-content\/uploads\/2026\/03\/BBB9AAFF-442B-4552-BD2A-6DD0A33F8FD1.jpg 1078w, https:\/\/www.godsofinktattooconvention.com\/wp-content\/uploads\/2026\/03\/BBB9AAFF-442B-4552-BD2A-6DD0A33F8FD1-1024x768.jpg 1024w, https:\/\/www.godsofinktattooconvention.com\/wp-content\/uploads\/2026\/03\/BBB9AAFF-442B-4552-BD2A-6DD0A33F8FD1-768x576.jpg 768w, https:\/\/www.godsofinktattooconvention.com\/wp-content\/uploads\/2026\/03\/BBB9AAFF-442B-4552-BD2A-6DD0A33F8FD1-463x348.jpg 463w, https:\/\/www.godsofinktattooconvention.com\/wp-content\/uploads\/2026\/03\/BBB9AAFF-442B-4552-BD2A-6DD0A33F8FD1-640x480.jpg 640w, https:\/\/www.godsofinktattooconvention.com\/wp-content\/uploads\/2026\/03\/BBB9AAFF-442B-4552-BD2A-6DD0A33F8FD1-400x300.jpg 400w, https:\/\/www.godsofinktattooconvention.com\/wp-content\/uploads\/2026\/03\/BBB9AAFF-442B-4552-BD2A-6DD0A33F8FD1-367x275.jpg 367w\" sizes=\"(max-width: 1078px) 100vw, 1078px\" \/><\/figure><\/a><\/div>\t\t\t\t<\/div>\n\t\t\t\t<\/div>\n\t\t\t\t<div class=\"elementor-element elementor-element-503e27e mb-2 elementor-widget elementor-widget-text-editor\" data-id=\"503e27e\" data-element_type=\"widget\" data-widget_type=\"text-editor.default\">\n\t\t\t\t<div class=\"elementor-widget-container\">\n\t\t\t\t\t\t\t\t\t<p class=\"\">Zu Beginn meiner T\u00e4towierkarriere hatte ich das Gl\u00fcck, eine Fotoausstellung in einer \u00f6rtlichen Galerie zu besuchen, aus der das erstaunliche Buch \"The Japanese Tattoo\" von Sandi Fellman hervorging. Bei den Fotos handelte es sich um gro\u00dfformatige, ma\u00dfgefertigte Polaroids von erstaunlichen T\u00e4towierungen japanischer T\u00e4towiermeister wie Horiyoshi II, Horiyoshi III, Horikin, Hirogoro und vielen anderen.<\/p>\t\t\t\t\t\t\t\t<\/div>\n\t\t\t\t<\/div>\n\t\t\t\t<div class=\"elementor-element elementor-element-acec12b elementor-widget elementor-widget-porto_image_gallery\" data-id=\"acec12b\" data-element_type=\"widget\" data-settings=\"{&quot;view&quot;:&quot;masonry&quot;,&quot;spacing&quot;:{&quot;unit&quot;:&quot;px&quot;,&quot;size&quot;:&quot;&quot;,&quot;sizes&quot;:[]}}\" data-widget_type=\"porto_image_gallery.default\">\n\t\t\t\t<div class=\"elementor-widget-container\">\n\t\t\t\t\t<div class=\"porto-gallery has-ccols ccols-1 porto-gallery-masonry porto-ig-zoom\" data-plugin-masonry data-plugin-options=\"{&quot;layoutMode&quot;:&quot;masonry&quot;,&quot;itemSelector&quot;:&quot;a&quot;,&quot;masonry&quot;:{&quot;columnWidth&quot;:&quot;a&quot;},&quot;animationEngine&quot;:&quot;best-available&quot;,&quot;resizable&quot;:false}\"><a href=\"https:\/\/www.godsofinktattooconvention.com\/wp-content\/uploads\/2026\/03\/842D20DF-E04D-4784-BD73-D577C8759A56-scaled.jpg\"><figure><img decoding=\"async\" width=\"906\" height=\"1920\" src=\"https:\/\/www.godsofinktattooconvention.com\/wp-content\/uploads\/2026\/03\/842D20DF-E04D-4784-BD73-D577C8759A56-scaled.jpg\" class=\"attachment-full size-full\" alt=\"\" srcset=\"https:\/\/www.godsofinktattooconvention.com\/wp-content\/uploads\/2026\/03\/842D20DF-E04D-4784-BD73-D577C8759A56-scaled.jpg 906w, https:\/\/www.godsofinktattooconvention.com\/wp-content\/uploads\/2026\/03\/842D20DF-E04D-4784-BD73-D577C8759A56-483x1024.jpg 483w, https:\/\/www.godsofinktattooconvention.com\/wp-content\/uploads\/2026\/03\/842D20DF-E04D-4784-BD73-D577C8759A56-768x1628.jpg 768w, https:\/\/www.godsofinktattooconvention.com\/wp-content\/uploads\/2026\/03\/842D20DF-E04D-4784-BD73-D577C8759A56-640x1357.jpg 640w, https:\/\/www.godsofinktattooconvention.com\/wp-content\/uploads\/2026\/03\/842D20DF-E04D-4784-BD73-D577C8759A56-400x848.jpg 400w, https:\/\/www.godsofinktattooconvention.com\/wp-content\/uploads\/2026\/03\/842D20DF-E04D-4784-BD73-D577C8759A56-367x778.jpg 367w\" sizes=\"(max-width: 906px) 100vw, 906px\" \/><\/figure><\/a><\/div>\t\t\t\t<\/div>\n\t\t\t\t<\/div>\n\t\t\t\t<div class=\"elementor-element elementor-element-6e41dbc mb-2 elementor-widget elementor-widget-text-editor\" data-id=\"6e41dbc\" data-element_type=\"widget\" data-widget_type=\"text-editor.default\">\n\t\t\t\t<div class=\"elementor-widget-container\">\n\t\t\t\t\t\t\t\t\t<p class=\"\">Es waren \u00fcberlebensgro\u00dfe Fotos, und die Bilder faszinierten mich, und ich wollte mehr dar\u00fcber erfahren. Ich studierte so viel wie m\u00f6glich in B\u00fcchern, die ich in die H\u00e4nde bekam, was mich dazu brachte, einen gro\u00dfen Teil der Grundlage der Bilder zu studieren, n\u00e4mlich japanische Holzschnitte, die Ukiyo-e genannt werden (was \u00fcbersetzt \"Bilder der schwebenden Welt\" bedeutet). Auch diese Bilder weckten in mir den Wunsch, mehr zu lernen. Ich wollte die Symbolik dessen, was ich da sah, verstehen. Es war faszinierend und sehr fremd f\u00fcr mich, sowohl im w\u00f6rtlichen als auch im \u00fcbertragenen Sinne, da ich in einer westlichen Kultur hier in einem eher l\u00e4ndlichen Teil der Staaten aufgewachsen bin.<\/p>\t\t\t\t\t\t\t\t<\/div>\n\t\t\t\t<\/div>\n\t\t\t\t<div class=\"elementor-element elementor-element-814d04c elementor-widget elementor-widget-porto_image_gallery\" data-id=\"814d04c\" data-element_type=\"widget\" data-settings=\"{&quot;view&quot;:&quot;masonry&quot;,&quot;spacing&quot;:{&quot;unit&quot;:&quot;px&quot;,&quot;size&quot;:&quot;&quot;,&quot;sizes&quot;:[]}}\" data-widget_type=\"porto_image_gallery.default\">\n\t\t\t\t<div class=\"elementor-widget-container\">\n\t\t\t\t\t<div class=\"porto-gallery has-ccols ccols-1 porto-gallery-masonry porto-ig-zoom\" data-plugin-masonry data-plugin-options=\"{&quot;layoutMode&quot;:&quot;masonry&quot;,&quot;itemSelector&quot;:&quot;a&quot;,&quot;masonry&quot;:{&quot;columnWidth&quot;:&quot;a&quot;},&quot;animationEngine&quot;:&quot;best-available&quot;,&quot;resizable&quot;:false}\"><a href=\"https:\/\/www.godsofinktattooconvention.com\/wp-content\/uploads\/2026\/03\/IMG_9828-scaled.jpg\"><figure><img decoding=\"async\" width=\"924\" height=\"1920\" src=\"https:\/\/www.godsofinktattooconvention.com\/wp-content\/uploads\/2026\/03\/IMG_9828-scaled.jpg\" class=\"attachment-full size-full\" alt=\"\" srcset=\"https:\/\/www.godsofinktattooconvention.com\/wp-content\/uploads\/2026\/03\/IMG_9828-scaled.jpg 924w, https:\/\/www.godsofinktattooconvention.com\/wp-content\/uploads\/2026\/03\/IMG_9828-493x1024.jpg 493w, https:\/\/www.godsofinktattooconvention.com\/wp-content\/uploads\/2026\/03\/IMG_9828-768x1597.jpg 768w, https:\/\/www.godsofinktattooconvention.com\/wp-content\/uploads\/2026\/03\/IMG_9828-640x1330.jpg 640w, https:\/\/www.godsofinktattooconvention.com\/wp-content\/uploads\/2026\/03\/IMG_9828-400x832.jpg 400w, https:\/\/www.godsofinktattooconvention.com\/wp-content\/uploads\/2026\/03\/IMG_9828-367x763.jpg 367w\" sizes=\"(max-width: 924px) 100vw, 924px\" \/><\/figure><\/a><\/div>\t\t\t\t<\/div>\n\t\t\t\t<\/div>\n\t\t\t\t<div class=\"elementor-element elementor-element-0696471 mb-2 elementor-widget elementor-widget-text-editor\" data-id=\"0696471\" data-element_type=\"widget\" data-widget_type=\"text-editor.default\">\n\t\t\t\t<div class=\"elementor-widget-container\">\n\t\t\t\t\t\t\t\t\t<p class=\"\">Kurz davor, Mitte der 80er Jahre, bot sich mir eine weitere erstaunliche Gelegenheit, die meinen Blick auf kranvolle Kunst pr\u00e4gen sollte. Um der Polizei zu entgehen, w\u00e4hrend ich die High School schw\u00e4nzte, schlich ich mich in eine Kunstgalerie, in der zuf\u00e4llig die Ausstellung \"Waves and plagues\" (Wellen und Plagen) des erstaunlichen Masami Teraoka gezeigt wurde. In der Ausstellung ging es um das Bewusstsein f\u00fcr die damals wenig bekannten Wahrheiten \u00fcber die AIDS-Epidemie, die die Welt \u00fcberrollte. Das Ausma\u00df der Gem\u00e4lde war immens und die Bilder waren beeindruckend. Auch hier hoqe ich, eines Tages eine Botschan und eine Geschichte weitergeben zu k\u00f6nnen.<\/p>\t\t\t\t\t\t\t\t<\/div>\n\t\t\t\t<\/div>\n\t\t\t\t<div class=\"elementor-element elementor-element-6b5d149 elementor-widget elementor-widget-porto_image_gallery\" data-id=\"6b5d149\" data-element_type=\"widget\" data-settings=\"{&quot;view&quot;:&quot;masonry&quot;,&quot;spacing&quot;:{&quot;unit&quot;:&quot;px&quot;,&quot;size&quot;:&quot;&quot;,&quot;sizes&quot;:[]}}\" data-widget_type=\"porto_image_gallery.default\">\n\t\t\t\t<div class=\"elementor-widget-container\">\n\t\t\t\t\t<div class=\"porto-gallery has-ccols ccols-1 porto-gallery-masonry porto-ig-zoom\" data-plugin-masonry data-plugin-options=\"{&quot;layoutMode&quot;:&quot;masonry&quot;,&quot;itemSelector&quot;:&quot;a&quot;,&quot;masonry&quot;:{&quot;columnWidth&quot;:&quot;a&quot;},&quot;animationEngine&quot;:&quot;best-available&quot;,&quot;resizable&quot;:false}\"><a href=\"https:\/\/www.godsofinktattooconvention.com\/wp-content\/uploads\/2026\/03\/779E7E1F-A55B-44B1-9F29-E039D50BB741.jpeg\"><figure><img loading=\"lazy\" decoding=\"async\" width=\"1078\" height=\"809\" src=\"https:\/\/www.godsofinktattooconvention.com\/wp-content\/uploads\/2026\/03\/779E7E1F-A55B-44B1-9F29-E039D50BB741.jpeg\" class=\"attachment-full size-full\" alt=\"\" srcset=\"https:\/\/www.godsofinktattooconvention.com\/wp-content\/uploads\/2026\/03\/779E7E1F-A55B-44B1-9F29-E039D50BB741.jpeg 1078w, https:\/\/www.godsofinktattooconvention.com\/wp-content\/uploads\/2026\/03\/779E7E1F-A55B-44B1-9F29-E039D50BB741-1024x768.jpeg 1024w, https:\/\/www.godsofinktattooconvention.com\/wp-content\/uploads\/2026\/03\/779E7E1F-A55B-44B1-9F29-E039D50BB741-768x576.jpeg 768w, https:\/\/www.godsofinktattooconvention.com\/wp-content\/uploads\/2026\/03\/779E7E1F-A55B-44B1-9F29-E039D50BB741-463x348.jpeg 463w, https:\/\/www.godsofinktattooconvention.com\/wp-content\/uploads\/2026\/03\/779E7E1F-A55B-44B1-9F29-E039D50BB741-640x480.jpeg 640w, https:\/\/www.godsofinktattooconvention.com\/wp-content\/uploads\/2026\/03\/779E7E1F-A55B-44B1-9F29-E039D50BB741-400x300.jpeg 400w, https:\/\/www.godsofinktattooconvention.com\/wp-content\/uploads\/2026\/03\/779E7E1F-A55B-44B1-9F29-E039D50BB741-367x275.jpeg 367w\" sizes=\"(max-width: 1078px) 100vw, 1078px\" \/><\/figure><\/a><\/div>\t\t\t\t<\/div>\n\t\t\t\t<\/div>\n\t\t\t\t<div class=\"elementor-element elementor-element-eeb9cc5 mb-2 elementor-widget elementor-widget-text-editor\" data-id=\"eeb9cc5\" data-element_type=\"widget\" data-widget_type=\"text-editor.default\">\n\t\t\t\t<div class=\"elementor-widget-container\">\n\t\t\t\t\t\t\t\t\t<p class=\"\">Das T\u00e4towieren ist seit meinen Anf\u00e4ngen in jedem Kunstmedium mein Endziel und ist es immer noch. Ich begann zu malen, um Tattoo-Designs f\u00fcr mich selbst und meine Kunden zu entwerfen, wobei ich mich immer wieder auf Ukiyo-e-Drucke st\u00fctzte, um mich zu inspirieren und die Bildsprache weiter zu studieren. Im Laufe der Zeit begann ich, in meinen Gem\u00e4lden Geschichten \u00fcber verlorene Geschichte, aktuelle Kultur und Kommentare zu unserem modernen kulturellen Dilemma zu erz\u00e4hlen, mit dem wir t\u00e4glich konfrontiert sind.<\/p><p class=\"\">Die Kunstwerke, die dem T\u00e4towieren untergeordnet sind, wurden f\u00fcr mich zu einem neuen Weg, Kunst zu machen. Es macht mir Spa\u00df, Bilder und Symbolik zu verwenden, die gr\u00f6\u00dftenteils von Ukiyo-e abgeleitet sind, und manchmal auch etwas modernere und pers\u00f6nlichere Symbolik, die die Menschen von heute leichter erkennen und zuordnen k\u00f6nnen. Ich ho\ufb00e, sie wecken bei Ihnen das gleiche Interesse wie die Bilder bei mir, als ich die Foto- und Galerieausstellung besuchte. Ich ho\ufb00e auch, dass sie so eindrucksvoll sind wie meine Erfahrung, als ich als Teenager die Ausstellung \"Wellen und Plagen\" besuchte.<\/p>\t\t\t\t\t\t\t\t<\/div>\n\t\t\t\t<\/div>\n\t\t\t\t<div class=\"elementor-element elementor-element-75d8b9d elementor-widget elementor-widget-porto_image_gallery\" data-id=\"75d8b9d\" data-element_type=\"widget\" data-settings=\"{&quot;view&quot;:&quot;masonry&quot;,&quot;spacing&quot;:{&quot;unit&quot;:&quot;px&quot;,&quot;size&quot;:&quot;&quot;,&quot;sizes&quot;:[]}}\" data-widget_type=\"porto_image_gallery.default\">\n\t\t\t\t<div class=\"elementor-widget-container\">\n\t\t\t\t\t<div class=\"porto-gallery has-ccols ccols-1 porto-gallery-masonry porto-ig-zoom\" data-plugin-masonry data-plugin-options=\"{&quot;layoutMode&quot;:&quot;masonry&quot;,&quot;itemSelector&quot;:&quot;a&quot;,&quot;masonry&quot;:{&quot;columnWidth&quot;:&quot;a&quot;},&quot;animationEngine&quot;:&quot;best-available&quot;,&quot;resizable&quot;:false}\"><a href=\"https:\/\/www.godsofinktattooconvention.com\/wp-content\/uploads\/2026\/03\/BF67F44F-4807-4A79-9817-6A60F75661E8.jpg\"><figure><img loading=\"lazy\" decoding=\"async\" width=\"1078\" height=\"1214\" src=\"https:\/\/www.godsofinktattooconvention.com\/wp-content\/uploads\/2026\/03\/BF67F44F-4807-4A79-9817-6A60F75661E8.jpg\" class=\"attachment-full size-full\" alt=\"\" srcset=\"https:\/\/www.godsofinktattooconvention.com\/wp-content\/uploads\/2026\/03\/BF67F44F-4807-4A79-9817-6A60F75661E8.jpg 1078w, https:\/\/www.godsofinktattooconvention.com\/wp-content\/uploads\/2026\/03\/BF67F44F-4807-4A79-9817-6A60F75661E8-909x1024.jpg 909w, https:\/\/www.godsofinktattooconvention.com\/wp-content\/uploads\/2026\/03\/BF67F44F-4807-4A79-9817-6A60F75661E8-768x865.jpg 768w, https:\/\/www.godsofinktattooconvention.com\/wp-content\/uploads\/2026\/03\/BF67F44F-4807-4A79-9817-6A60F75661E8-640x721.jpg 640w, https:\/\/www.godsofinktattooconvention.com\/wp-content\/uploads\/2026\/03\/BF67F44F-4807-4A79-9817-6A60F75661E8-400x450.jpg 400w, https:\/\/www.godsofinktattooconvention.com\/wp-content\/uploads\/2026\/03\/BF67F44F-4807-4A79-9817-6A60F75661E8-367x413.jpg 367w\" sizes=\"(max-width: 1078px) 100vw, 1078px\" \/><\/figure><\/a><\/div>\t\t\t\t<\/div>\n\t\t\t\t<\/div>\n\t\t\t\t<div class=\"elementor-element elementor-element-5310b3a elementor-widget elementor-widget-text-editor\" data-id=\"5310b3a\" data-element_type=\"widget\" data-widget_type=\"text-editor.default\">\n\t\t\t\t<div class=\"elementor-widget-container\">\n\t\t\t\t\t\t\t\t\t<p class=\"\"><strong>In dieser Ausstellung k\u00f6nnt ihr die neueste Kunstsammlung dieses erstaunlichen Malers sehen und kaufen.<\/strong><\/p>\t\t\t\t\t\t\t\t<\/div>\n\t\t\t\t<\/div>\n\t\t\t\t\t<\/div>\r\n\t\t\t\t<\/div>\r\n\t\t\t\t\t<\/div>\r\n\t\t\t\t<\/section>\r\n\t\t\t\t<\/div>","protected":false},"excerpt":{"rendered":"<p>Our main Events: TIMETABLE Tattoo Competition FUEL Girls Irezumi Bijinga Sabina Kelley Horimono Shashin Keaps Exhibiton DJ Dag FELIX \u2013 Dare to dream Chris Guest Jam Box Tattoo Guitar Auction Karina Peisker Dannero &#8211; Heavy Mental Mike Dorsey I am a Cincinnati, Ohio based tattooer and painter, tattooing since 1989. When I started my career [&hellip;]<\/p>","protected":false},"author":1,"featured_media":0,"parent":3634,"menu_order":0,"comment_status":"closed","ping_status":"closed","template":"","meta":{"footnotes":""},"class_list":["post-5109","page","type-page","status-publish","hentry"],"_links":{"self":[{"href":"https:\/\/www.godsofinktattooconvention.com\/de\/wp-json\/wp\/v2\/pages\/5109","targetHints":{"allow":["GET"]}}],"collection":[{"href":"https:\/\/www.godsofinktattooconvention.com\/de\/wp-json\/wp\/v2\/pages"}],"about":[{"href":"https:\/\/www.godsofinktattooconvention.com\/de\/wp-json\/wp\/v2\/types\/page"}],"author":[{"embeddable":true,"href":"https:\/\/www.godsofinktattooconvention.com\/de\/wp-json\/wp\/v2\/users\/1"}],"replies":[{"embeddable":true,"href":"https:\/\/www.godsofinktattooconvention.com\/de\/wp-json\/wp\/v2\/comments?post=5109"}],"version-history":[{"count":0,"href":"https:\/\/www.godsofinktattooconvention.com\/de\/wp-json\/wp\/v2\/pages\/5109\/revisions"}],"up":[{"embeddable":true,"href":"https:\/\/www.godsofinktattooconvention.com\/de\/wp-json\/wp\/v2\/pages\/3634"}],"wp:attachment":[{"href":"https:\/\/www.godsofinktattooconvention.com\/de\/wp-json\/wp\/v2\/media?parent=5109"}],"curies":[{"name":"wp","href":"https:\/\/api.w.org\/{rel}","templated":true}]}}