
{"id":8421,"date":"2024-01-14T15:42:08","date_gmt":"2024-01-14T14:42:08","guid":{"rendered":"https:\/\/www.godsofinktattooconvention.com\/?page_id=8421"},"modified":"2026-03-14T10:25:37","modified_gmt":"2026-03-14T09:25:37","slug":"chris-guest","status":"publish","type":"page","link":"https:\/\/www.godsofinktattooconvention.com\/de\/events\/chris-guest\/","title":{"rendered":"Chris Guest"},"content":{"rendered":"<div data-elementor-type=\"wp-page\" data-elementor-id=\"8421\" class=\"elementor elementor-8421\">\n\t\t\t\t\t\t<section class=\"elementor-section elementor-top-section elementor-element elementor-element-9670266 flex-wrap-wrap pt-60 pb-40 elementor-reverse-tablet elementor-reverse-mobile elementor-section-boxed elementor-section-height-default elementor-section-height-default\" data-id=\"9670266\" data-element_type=\"section\">\r\n\t\t\r\n\t\t\t\t\t\t\t<div class=\"elementor-container elementor-column-gap-default\">\r\n\t\t\t\t\t\t\t\t\t\t\t<div class=\"elementor-column elementor-col-50 elementor-top-column elementor-element elementor-element-a39d1ac\" data-id=\"a39d1ac\" data-element_type=\"column\">\r\n\t\t\t\t\t<div class=\"elementor-widget-wrap elementor-element-populated\">\r\n\t\t\t\t\t\t\t\t<div class=\"elementor-element elementor-element-75c5fa0 mb-1 pb-3 elementor-widget elementor-widget-heading\" data-id=\"75c5fa0\" data-element_type=\"widget\" data-widget_type=\"heading.default\">\n\t\t\t\t<div class=\"elementor-widget-container\">\n\t\t\t\t\t<h3 class=\"elementor-heading-title elementor-size-default\">Our main Events:<\/h3>\t\t\t\t<\/div>\n\t\t\t\t<\/div>\n\t\t\t\t<div class=\"elementor-element elementor-element-f0dd112 elementor-widget elementor-widget-porto_sidebar_menu\" data-id=\"f0dd112\" data-element_type=\"widget\" data-widget_type=\"porto_sidebar_menu.default\">\n\t\t\t\t<div class=\"elementor-widget-container\">\n\t\t\t\t\t<div class=\"widget_sidebar_menu main-sidebar-menu service-menu mb-lg-5\"><div class=\"sidebar-menu-wrap\">Please select a valid menu to display.<\/div><\/div>\t\t\t\t<\/div>\n\t\t\t\t<\/div>\n\t\t\t\t\t<\/div>\r\n\t\t\t\t<\/div>\r\n\t\t\t\t<div class=\"elementor-column elementor-col-50 elementor-top-column elementor-element elementor-element-255b5c2\" data-id=\"255b5c2\" data-element_type=\"column\">\r\n\t\t\t\t\t<div class=\"elementor-widget-wrap elementor-element-populated\">\r\n\t\t\t\t\t\t\t\t<div class=\"elementor-element elementor-element-aff70f4 elementor-widget elementor-widget-heading\" data-id=\"aff70f4\" data-element_type=\"widget\" data-widget_type=\"heading.default\">\n\t\t\t\t<div class=\"elementor-widget-container\">\n\t\t\t\t\t<h2 class=\"elementor-heading-title elementor-size-default\">Chris Guest ist ein in London lebender K\u00fcnstler.<\/h2>\t\t\t\t<\/div>\n\t\t\t\t<\/div>\n\t\t\t\t<div class=\"elementor-element elementor-element-233786c mb-2 elementor-widget elementor-widget-text-editor\" data-id=\"233786c\" data-element_type=\"widget\" data-widget_type=\"text-editor.default\">\n\t\t\t\t<div class=\"elementor-widget-container\">\n\t\t\t\t\t\t\t\t\t<p>Als Kind der 80er Jahre wuchs er in der Innenstadt von Bristol auf und verschwendete einen Gro\u00dfteil seines fr\u00fchen Lebens mit 80er-Jahre-Arcade-Spielen, dem Zeichnen von Comics in seinem Schlafzimmer und dem Sammeln von Garbage Pail Kids-Aufklebern.<\/p>\t\t\t\t\t\t\t\t<\/div>\n\t\t\t\t<\/div>\n\t\t\t\t<div class=\"elementor-element elementor-element-c8b32ab elementor-widget elementor-widget-porto_image_gallery\" data-id=\"c8b32ab\" data-element_type=\"widget\" data-settings=\"{&quot;view&quot;:&quot;masonry&quot;,&quot;spacing&quot;:{&quot;unit&quot;:&quot;px&quot;,&quot;size&quot;:&quot;&quot;,&quot;sizes&quot;:[]}}\" data-widget_type=\"porto_image_gallery.default\">\n\t\t\t\t<div class=\"elementor-widget-container\">\n\t\t\t\t\t<div class=\"porto-gallery has-ccols ccols-1 ccols-sm-2 porto-gallery-masonry porto-ig-zoom\" data-plugin-masonry data-plugin-options=\"{&quot;layoutMode&quot;:&quot;masonry&quot;,&quot;itemSelector&quot;:&quot;a&quot;,&quot;masonry&quot;:{&quot;columnWidth&quot;:&quot;a&quot;},&quot;animationEngine&quot;:&quot;best-available&quot;,&quot;resizable&quot;:false}\"><a href=\"https:\/\/www.godsofinktattooconvention.com\/wp-content\/uploads\/2026\/03\/cd66c4b2-8ca6-4558-b826-faae8c8ce269.jpg\"><figure><img fetchpriority=\"high\" decoding=\"async\" width=\"1300\" height=\"1541\" src=\"https:\/\/www.godsofinktattooconvention.com\/wp-content\/uploads\/2026\/03\/cd66c4b2-8ca6-4558-b826-faae8c8ce269.jpg\" class=\"attachment-full size-full\" alt=\"\" srcset=\"https:\/\/www.godsofinktattooconvention.com\/wp-content\/uploads\/2026\/03\/cd66c4b2-8ca6-4558-b826-faae8c8ce269.jpg 1300w, https:\/\/www.godsofinktattooconvention.com\/wp-content\/uploads\/2026\/03\/cd66c4b2-8ca6-4558-b826-faae8c8ce269-864x1024.jpg 864w, https:\/\/www.godsofinktattooconvention.com\/wp-content\/uploads\/2026\/03\/cd66c4b2-8ca6-4558-b826-faae8c8ce269-768x910.jpg 768w, https:\/\/www.godsofinktattooconvention.com\/wp-content\/uploads\/2026\/03\/cd66c4b2-8ca6-4558-b826-faae8c8ce269-640x759.jpg 640w, https:\/\/www.godsofinktattooconvention.com\/wp-content\/uploads\/2026\/03\/cd66c4b2-8ca6-4558-b826-faae8c8ce269-400x474.jpg 400w, https:\/\/www.godsofinktattooconvention.com\/wp-content\/uploads\/2026\/03\/cd66c4b2-8ca6-4558-b826-faae8c8ce269-367x435.jpg 367w\" sizes=\"(max-width: 1300px) 100vw, 1300px\" \/><\/figure><\/a><a href=\"https:\/\/www.godsofinktattooconvention.com\/wp-content\/uploads\/2026\/03\/DSC_3566.jpg\"><figure><img decoding=\"async\" width=\"1078\" height=\"1354\" src=\"https:\/\/www.godsofinktattooconvention.com\/wp-content\/uploads\/2026\/03\/DSC_3566.jpg\" class=\"attachment-full size-full\" alt=\"\" srcset=\"https:\/\/www.godsofinktattooconvention.com\/wp-content\/uploads\/2026\/03\/DSC_3566.jpg 1078w, https:\/\/www.godsofinktattooconvention.com\/wp-content\/uploads\/2026\/03\/DSC_3566-815x1024.jpg 815w, https:\/\/www.godsofinktattooconvention.com\/wp-content\/uploads\/2026\/03\/DSC_3566-768x965.jpg 768w, https:\/\/www.godsofinktattooconvention.com\/wp-content\/uploads\/2026\/03\/DSC_3566-640x804.jpg 640w, https:\/\/www.godsofinktattooconvention.com\/wp-content\/uploads\/2026\/03\/DSC_3566-400x502.jpg 400w, https:\/\/www.godsofinktattooconvention.com\/wp-content\/uploads\/2026\/03\/DSC_3566-367x461.jpg 367w\" sizes=\"(max-width: 1078px) 100vw, 1078px\" \/><\/figure><\/a><a href=\"https:\/\/www.godsofinktattooconvention.com\/wp-content\/uploads\/2026\/03\/DSC_3568.jpg\"><figure><img decoding=\"async\" width=\"1300\" height=\"1743\" src=\"https:\/\/www.godsofinktattooconvention.com\/wp-content\/uploads\/2026\/03\/DSC_3568.jpg\" class=\"attachment-full size-full\" alt=\"\" srcset=\"https:\/\/www.godsofinktattooconvention.com\/wp-content\/uploads\/2026\/03\/DSC_3568.jpg 1300w, https:\/\/www.godsofinktattooconvention.com\/wp-content\/uploads\/2026\/03\/DSC_3568-764x1024.jpg 764w, https:\/\/www.godsofinktattooconvention.com\/wp-content\/uploads\/2026\/03\/DSC_3568-768x1030.jpg 768w, https:\/\/www.godsofinktattooconvention.com\/wp-content\/uploads\/2026\/03\/DSC_3568-640x858.jpg 640w, https:\/\/www.godsofinktattooconvention.com\/wp-content\/uploads\/2026\/03\/DSC_3568-400x536.jpg 400w, https:\/\/www.godsofinktattooconvention.com\/wp-content\/uploads\/2026\/03\/DSC_3568-367x492.jpg 367w\" sizes=\"(max-width: 1300px) 100vw, 1300px\" \/><\/figure><\/a><a href=\"https:\/\/www.godsofinktattooconvention.com\/wp-content\/uploads\/2026\/03\/DSC_5786.jpg\"><figure><img loading=\"lazy\" decoding=\"async\" width=\"1300\" height=\"1653\" src=\"https:\/\/www.godsofinktattooconvention.com\/wp-content\/uploads\/2026\/03\/DSC_5786.jpg\" class=\"attachment-full size-full\" alt=\"\" srcset=\"https:\/\/www.godsofinktattooconvention.com\/wp-content\/uploads\/2026\/03\/DSC_5786.jpg 1300w, https:\/\/www.godsofinktattooconvention.com\/wp-content\/uploads\/2026\/03\/DSC_5786-805x1024.jpg 805w, https:\/\/www.godsofinktattooconvention.com\/wp-content\/uploads\/2026\/03\/DSC_5786-768x977.jpg 768w, https:\/\/www.godsofinktattooconvention.com\/wp-content\/uploads\/2026\/03\/DSC_5786-640x814.jpg 640w, https:\/\/www.godsofinktattooconvention.com\/wp-content\/uploads\/2026\/03\/DSC_5786-400x509.jpg 400w, https:\/\/www.godsofinktattooconvention.com\/wp-content\/uploads\/2026\/03\/DSC_5786-367x467.jpg 367w\" sizes=\"(max-width: 1300px) 100vw, 1300px\" \/><\/figure><\/a><\/div>\t\t\t\t<\/div>\n\t\t\t\t<\/div>\n\t\t\t\t<div class=\"elementor-element elementor-element-503e27e mb-2 elementor-widget elementor-widget-text-editor\" data-id=\"503e27e\" data-element_type=\"widget\" data-widget_type=\"text-editor.default\">\n\t\t\t\t<div class=\"elementor-widget-container\">\n\t\t\t\t\t\t\t\t\t<p>Als Teenager stellte er Bilder in einer Galerie in Cornwall aus, die von einem Familienmitglied gef\u00fchrt wurde (wahrscheinlich, weil er Mitleid mit Chris hatte.) Soweit wir wissen, gibt es gl\u00fccklicherweise keines dieser Bilder mehr ;)<\/p>\t\t\t\t\t\t\t\t<\/div>\n\t\t\t\t<\/div>\n\t\t\t\t<div class=\"elementor-element elementor-element-acec12b elementor-widget elementor-widget-porto_image_gallery\" data-id=\"acec12b\" data-element_type=\"widget\" data-settings=\"{&quot;view&quot;:&quot;masonry&quot;,&quot;spacing&quot;:{&quot;unit&quot;:&quot;px&quot;,&quot;size&quot;:&quot;&quot;,&quot;sizes&quot;:[]}}\" data-widget_type=\"porto_image_gallery.default\">\n\t\t\t\t<div class=\"elementor-widget-container\">\n\t\t\t\t\t<div class=\"porto-gallery has-ccols ccols-1 porto-gallery-masonry porto-ig-zoom\" data-plugin-masonry data-plugin-options=\"{&quot;layoutMode&quot;:&quot;masonry&quot;,&quot;itemSelector&quot;:&quot;a&quot;,&quot;masonry&quot;:{&quot;columnWidth&quot;:&quot;a&quot;},&quot;animationEngine&quot;:&quot;best-available&quot;,&quot;resizable&quot;:false}\"><a href=\"https:\/\/www.godsofinktattooconvention.com\/wp-content\/uploads\/2026\/03\/DSC_9714.jpg\"><figure><img loading=\"lazy\" decoding=\"async\" width=\"1078\" height=\"716\" src=\"https:\/\/www.godsofinktattooconvention.com\/wp-content\/uploads\/2026\/03\/DSC_9714.jpg\" class=\"attachment-full size-full\" alt=\"\" srcset=\"https:\/\/www.godsofinktattooconvention.com\/wp-content\/uploads\/2026\/03\/DSC_9714.jpg 1078w, https:\/\/www.godsofinktattooconvention.com\/wp-content\/uploads\/2026\/03\/DSC_9714-1024x680.jpg 1024w, https:\/\/www.godsofinktattooconvention.com\/wp-content\/uploads\/2026\/03\/DSC_9714-768x510.jpg 768w, https:\/\/www.godsofinktattooconvention.com\/wp-content\/uploads\/2026\/03\/DSC_9714-640x425.jpg 640w, https:\/\/www.godsofinktattooconvention.com\/wp-content\/uploads\/2026\/03\/DSC_9714-400x266.jpg 400w, https:\/\/www.godsofinktattooconvention.com\/wp-content\/uploads\/2026\/03\/DSC_9714-367x244.jpg 367w\" sizes=\"(max-width: 1078px) 100vw, 1078px\" \/><\/figure><\/a><a href=\"https:\/\/www.godsofinktattooconvention.com\/wp-content\/uploads\/2026\/03\/DSC_3523-scaled.jpg\"><figure><img loading=\"lazy\" decoding=\"async\" width=\"1280\" height=\"1920\" src=\"https:\/\/www.godsofinktattooconvention.com\/wp-content\/uploads\/2026\/03\/DSC_3523-scaled.jpg\" class=\"attachment-full size-full\" alt=\"\" srcset=\"https:\/\/www.godsofinktattooconvention.com\/wp-content\/uploads\/2026\/03\/DSC_3523-scaled.jpg 1280w, https:\/\/www.godsofinktattooconvention.com\/wp-content\/uploads\/2026\/03\/DSC_3523-683x1024.jpg 683w, https:\/\/www.godsofinktattooconvention.com\/wp-content\/uploads\/2026\/03\/DSC_3523-768x1152.jpg 768w, https:\/\/www.godsofinktattooconvention.com\/wp-content\/uploads\/2026\/03\/DSC_3523-640x960.jpg 640w, https:\/\/www.godsofinktattooconvention.com\/wp-content\/uploads\/2026\/03\/DSC_3523-400x600.jpg 400w, https:\/\/www.godsofinktattooconvention.com\/wp-content\/uploads\/2026\/03\/DSC_3523-367x551.jpg 367w\" sizes=\"(max-width: 1280px) 100vw, 1280px\" \/><\/figure><\/a><a href=\"https:\/\/www.godsofinktattooconvention.com\/wp-content\/uploads\/2026\/03\/DSC_3528.jpg\"><figure><img loading=\"lazy\" decoding=\"async\" width=\"1078\" height=\"1645\" src=\"https:\/\/www.godsofinktattooconvention.com\/wp-content\/uploads\/2026\/03\/DSC_3528.jpg\" class=\"attachment-full size-full\" alt=\"\" srcset=\"https:\/\/www.godsofinktattooconvention.com\/wp-content\/uploads\/2026\/03\/DSC_3528.jpg 1078w, https:\/\/www.godsofinktattooconvention.com\/wp-content\/uploads\/2026\/03\/DSC_3528-671x1024.jpg 671w, https:\/\/www.godsofinktattooconvention.com\/wp-content\/uploads\/2026\/03\/DSC_3528-768x1172.jpg 768w, https:\/\/www.godsofinktattooconvention.com\/wp-content\/uploads\/2026\/03\/DSC_3528-640x977.jpg 640w, https:\/\/www.godsofinktattooconvention.com\/wp-content\/uploads\/2026\/03\/DSC_3528-400x610.jpg 400w, https:\/\/www.godsofinktattooconvention.com\/wp-content\/uploads\/2026\/03\/DSC_3528-367x560.jpg 367w\" sizes=\"(max-width: 1078px) 100vw, 1078px\" \/><\/figure><\/a><\/div>\t\t\t\t<\/div>\n\t\t\t\t<\/div>\n\t\t\t\t<div class=\"elementor-element elementor-element-0696471 mb-2 elementor-widget elementor-widget-text-editor\" data-id=\"0696471\" data-element_type=\"widget\" data-widget_type=\"text-editor.default\">\n\t\t\t\t<div class=\"elementor-widget-container\">\n\t\t\t\t\t\t\t\t\t<p>Seit 20 Jahren werden seine Originale und Drucke weltweit gesammelt, und seine Kunst wurde in vielen Magazinen, Publikationen, Kunstmessen und Galerien auf der ganzen Welt vorgestellt.<\/p>\t\t\t\t\t\t\t\t<\/div>\n\t\t\t\t<\/div>\n\t\t\t\t<div class=\"elementor-element elementor-element-6b5d149 elementor-widget elementor-widget-porto_image_gallery\" data-id=\"6b5d149\" data-element_type=\"widget\" data-settings=\"{&quot;view&quot;:&quot;masonry&quot;,&quot;spacing&quot;:{&quot;unit&quot;:&quot;px&quot;,&quot;size&quot;:&quot;&quot;,&quot;sizes&quot;:[]}}\" data-widget_type=\"porto_image_gallery.default\">\n\t\t\t\t<div class=\"elementor-widget-container\">\n\t\t\t\t\t<div class=\"porto-gallery has-ccols ccols-1 ccols-sm-2 porto-gallery-masonry porto-ig-zoom\" data-plugin-masonry data-plugin-options=\"{&quot;layoutMode&quot;:&quot;masonry&quot;,&quot;itemSelector&quot;:&quot;a&quot;,&quot;masonry&quot;:{&quot;columnWidth&quot;:&quot;a&quot;},&quot;animationEngine&quot;:&quot;best-available&quot;,&quot;resizable&quot;:false}\"><a href=\"https:\/\/www.godsofinktattooconvention.com\/wp-content\/uploads\/2026\/03\/DSC_3578-copy-scaled.jpg\"><figure><img loading=\"lazy\" decoding=\"async\" width=\"1238\" height=\"1920\" src=\"https:\/\/www.godsofinktattooconvention.com\/wp-content\/uploads\/2026\/03\/DSC_3578-copy-scaled.jpg\" class=\"attachment-full size-full\" alt=\"\" srcset=\"https:\/\/www.godsofinktattooconvention.com\/wp-content\/uploads\/2026\/03\/DSC_3578-copy-scaled.jpg 1238w, https:\/\/www.godsofinktattooconvention.com\/wp-content\/uploads\/2026\/03\/DSC_3578-copy-660x1024.jpg 660w, https:\/\/www.godsofinktattooconvention.com\/wp-content\/uploads\/2026\/03\/DSC_3578-copy-768x1191.jpg 768w, https:\/\/www.godsofinktattooconvention.com\/wp-content\/uploads\/2026\/03\/DSC_3578-copy-640x992.jpg 640w, https:\/\/www.godsofinktattooconvention.com\/wp-content\/uploads\/2026\/03\/DSC_3578-copy-400x620.jpg 400w, https:\/\/www.godsofinktattooconvention.com\/wp-content\/uploads\/2026\/03\/DSC_3578-copy-367x569.jpg 367w\" sizes=\"(max-width: 1238px) 100vw, 1238px\" \/><\/figure><\/a><a href=\"https:\/\/www.godsofinktattooconvention.com\/wp-content\/uploads\/2026\/03\/DSC_5797-scaled.jpg\"><figure><img loading=\"lazy\" decoding=\"async\" width=\"1246\" height=\"1920\" src=\"https:\/\/www.godsofinktattooconvention.com\/wp-content\/uploads\/2026\/03\/DSC_5797-scaled.jpg\" class=\"attachment-full size-full\" alt=\"\" srcset=\"https:\/\/www.godsofinktattooconvention.com\/wp-content\/uploads\/2026\/03\/DSC_5797-scaled.jpg 1246w, https:\/\/www.godsofinktattooconvention.com\/wp-content\/uploads\/2026\/03\/DSC_5797-665x1024.jpg 665w, https:\/\/www.godsofinktattooconvention.com\/wp-content\/uploads\/2026\/03\/DSC_5797-768x1183.jpg 768w, https:\/\/www.godsofinktattooconvention.com\/wp-content\/uploads\/2026\/03\/DSC_5797-640x986.jpg 640w, https:\/\/www.godsofinktattooconvention.com\/wp-content\/uploads\/2026\/03\/DSC_5797-400x616.jpg 400w, https:\/\/www.godsofinktattooconvention.com\/wp-content\/uploads\/2026\/03\/DSC_5797-367x565.jpg 367w\" sizes=\"(max-width: 1246px) 100vw, 1246px\" \/><\/figure><\/a><a href=\"https:\/\/www.godsofinktattooconvention.com\/wp-content\/uploads\/2026\/03\/DSC_5798-scaled.jpg\"><figure><img loading=\"lazy\" decoding=\"async\" width=\"1259\" height=\"1920\" src=\"https:\/\/www.godsofinktattooconvention.com\/wp-content\/uploads\/2026\/03\/DSC_5798-scaled.jpg\" class=\"attachment-full size-full\" alt=\"\" srcset=\"https:\/\/www.godsofinktattooconvention.com\/wp-content\/uploads\/2026\/03\/DSC_5798-scaled.jpg 1259w, https:\/\/www.godsofinktattooconvention.com\/wp-content\/uploads\/2026\/03\/DSC_5798-671x1024.jpg 671w, https:\/\/www.godsofinktattooconvention.com\/wp-content\/uploads\/2026\/03\/DSC_5798-768x1171.jpg 768w, https:\/\/www.godsofinktattooconvention.com\/wp-content\/uploads\/2026\/03\/DSC_5798-640x976.jpg 640w, https:\/\/www.godsofinktattooconvention.com\/wp-content\/uploads\/2026\/03\/DSC_5798-400x610.jpg 400w, https:\/\/www.godsofinktattooconvention.com\/wp-content\/uploads\/2026\/03\/DSC_5798-367x560.jpg 367w\" sizes=\"(max-width: 1259px) 100vw, 1259px\" \/><\/figure><\/a><a href=\"https:\/\/www.godsofinktattooconvention.com\/wp-content\/uploads\/2026\/03\/DSC_6609.jpg\"><figure><img loading=\"lazy\" decoding=\"async\" width=\"1078\" height=\"1654\" src=\"https:\/\/www.godsofinktattooconvention.com\/wp-content\/uploads\/2026\/03\/DSC_6609.jpg\" class=\"attachment-full size-full\" alt=\"\" srcset=\"https:\/\/www.godsofinktattooconvention.com\/wp-content\/uploads\/2026\/03\/DSC_6609.jpg 1078w, https:\/\/www.godsofinktattooconvention.com\/wp-content\/uploads\/2026\/03\/DSC_6609-667x1024.jpg 667w, https:\/\/www.godsofinktattooconvention.com\/wp-content\/uploads\/2026\/03\/DSC_6609-768x1178.jpg 768w, https:\/\/www.godsofinktattooconvention.com\/wp-content\/uploads\/2026\/03\/DSC_6609-640x982.jpg 640w, https:\/\/www.godsofinktattooconvention.com\/wp-content\/uploads\/2026\/03\/DSC_6609-400x614.jpg 400w, https:\/\/www.godsofinktattooconvention.com\/wp-content\/uploads\/2026\/03\/DSC_6609-367x563.jpg 367w\" sizes=\"(max-width: 1078px) 100vw, 1078px\" \/><\/figure><\/a><\/div>\t\t\t\t<\/div>\n\t\t\t\t<\/div>\n\t\t\t\t<div class=\"elementor-element elementor-element-eeb9cc5 mb-2 elementor-widget elementor-widget-text-editor\" data-id=\"eeb9cc5\" data-element_type=\"widget\" data-widget_type=\"text-editor.default\">\n\t\t\t\t<div class=\"elementor-widget-container\">\n\t\t\t\t\t\t\t\t\t<p>Chris gibt au\u00dferdem regelm\u00e4\u00dfig Malworkshops im Vereinigten K\u00f6nigreich und in den USA und bringt der n\u00e4chsten Generation all die schlechten Malgewohnheiten bei, die er auf seinem Weg aufgeschnappt hat ;)<\/p>\t\t\t\t\t\t\t\t<\/div>\n\t\t\t\t<\/div>\n\t\t\t\t<div class=\"elementor-element elementor-element-75d8b9d elementor-widget elementor-widget-porto_image_gallery\" data-id=\"75d8b9d\" data-element_type=\"widget\" data-settings=\"{&quot;view&quot;:&quot;masonry&quot;,&quot;spacing&quot;:{&quot;unit&quot;:&quot;px&quot;,&quot;size&quot;:&quot;&quot;,&quot;sizes&quot;:[]}}\" data-widget_type=\"porto_image_gallery.default\">\n\t\t\t\t<div class=\"elementor-widget-container\">\n\t\t\t\t\t<div class=\"porto-gallery has-ccols ccols-1 ccols-sm-2 porto-gallery-masonry porto-ig-zoom\" data-plugin-masonry data-plugin-options=\"{&quot;layoutMode&quot;:&quot;masonry&quot;,&quot;itemSelector&quot;:&quot;a&quot;,&quot;masonry&quot;:{&quot;columnWidth&quot;:&quot;a&quot;},&quot;animationEngine&quot;:&quot;best-available&quot;,&quot;resizable&quot;:false}\"><a href=\"https:\/\/www.godsofinktattooconvention.com\/wp-content\/uploads\/2026\/03\/DSC_6601.jpg\"><figure><img loading=\"lazy\" decoding=\"async\" width=\"1078\" height=\"1435\" src=\"https:\/\/www.godsofinktattooconvention.com\/wp-content\/uploads\/2026\/03\/DSC_6601.jpg\" class=\"attachment-full size-full\" alt=\"\" srcset=\"https:\/\/www.godsofinktattooconvention.com\/wp-content\/uploads\/2026\/03\/DSC_6601.jpg 1078w, https:\/\/www.godsofinktattooconvention.com\/wp-content\/uploads\/2026\/03\/DSC_6601-769x1024.jpg 769w, https:\/\/www.godsofinktattooconvention.com\/wp-content\/uploads\/2026\/03\/DSC_6601-768x1022.jpg 768w, https:\/\/www.godsofinktattooconvention.com\/wp-content\/uploads\/2026\/03\/DSC_6601-640x852.jpg 640w, https:\/\/www.godsofinktattooconvention.com\/wp-content\/uploads\/2026\/03\/DSC_6601-400x532.jpg 400w, https:\/\/www.godsofinktattooconvention.com\/wp-content\/uploads\/2026\/03\/DSC_6601-367x489.jpg 367w\" sizes=\"(max-width: 1078px) 100vw, 1078px\" \/><\/figure><\/a><a href=\"https:\/\/www.godsofinktattooconvention.com\/wp-content\/uploads\/2026\/03\/490bbe2a-5014-4a54-b731-84ef5690b22d.jpg\"><figure><img loading=\"lazy\" decoding=\"async\" width=\"1078\" height=\"1437\" src=\"https:\/\/www.godsofinktattooconvention.com\/wp-content\/uploads\/2026\/03\/490bbe2a-5014-4a54-b731-84ef5690b22d.jpg\" class=\"attachment-full size-full\" alt=\"\" srcset=\"https:\/\/www.godsofinktattooconvention.com\/wp-content\/uploads\/2026\/03\/490bbe2a-5014-4a54-b731-84ef5690b22d.jpg 1078w, https:\/\/www.godsofinktattooconvention.com\/wp-content\/uploads\/2026\/03\/490bbe2a-5014-4a54-b731-84ef5690b22d-768x1024.jpg 768w, https:\/\/www.godsofinktattooconvention.com\/wp-content\/uploads\/2026\/03\/490bbe2a-5014-4a54-b731-84ef5690b22d-640x853.jpg 640w, https:\/\/www.godsofinktattooconvention.com\/wp-content\/uploads\/2026\/03\/490bbe2a-5014-4a54-b731-84ef5690b22d-400x533.jpg 400w, https:\/\/www.godsofinktattooconvention.com\/wp-content\/uploads\/2026\/03\/490bbe2a-5014-4a54-b731-84ef5690b22d-367x489.jpg 367w\" sizes=\"(max-width: 1078px) 100vw, 1078px\" \/><\/figure><\/a><a href=\"https:\/\/www.godsofinktattooconvention.com\/wp-content\/uploads\/2026\/03\/DSC_3574.jpg\"><figure><img loading=\"lazy\" decoding=\"async\" width=\"1300\" height=\"1567\" src=\"https:\/\/www.godsofinktattooconvention.com\/wp-content\/uploads\/2026\/03\/DSC_3574.jpg\" class=\"attachment-full size-full\" alt=\"\" srcset=\"https:\/\/www.godsofinktattooconvention.com\/wp-content\/uploads\/2026\/03\/DSC_3574.jpg 1300w, https:\/\/www.godsofinktattooconvention.com\/wp-content\/uploads\/2026\/03\/DSC_3574-850x1024.jpg 850w, https:\/\/www.godsofinktattooconvention.com\/wp-content\/uploads\/2026\/03\/DSC_3574-768x926.jpg 768w, https:\/\/www.godsofinktattooconvention.com\/wp-content\/uploads\/2026\/03\/DSC_3574-640x771.jpg 640w, https:\/\/www.godsofinktattooconvention.com\/wp-content\/uploads\/2026\/03\/DSC_3574-400x482.jpg 400w, https:\/\/www.godsofinktattooconvention.com\/wp-content\/uploads\/2026\/03\/DSC_3574-367x442.jpg 367w\" sizes=\"(max-width: 1300px) 100vw, 1300px\" \/><\/figure><\/a><a href=\"https:\/\/www.godsofinktattooconvention.com\/wp-content\/uploads\/2026\/03\/DSC_6600.jpg\"><figure><img loading=\"lazy\" decoding=\"async\" width=\"1078\" height=\"1378\" src=\"https:\/\/www.godsofinktattooconvention.com\/wp-content\/uploads\/2026\/03\/DSC_6600.jpg\" class=\"attachment-full size-full\" alt=\"\" srcset=\"https:\/\/www.godsofinktattooconvention.com\/wp-content\/uploads\/2026\/03\/DSC_6600.jpg 1078w, https:\/\/www.godsofinktattooconvention.com\/wp-content\/uploads\/2026\/03\/DSC_6600-801x1024.jpg 801w, https:\/\/www.godsofinktattooconvention.com\/wp-content\/uploads\/2026\/03\/DSC_6600-768x982.jpg 768w, https:\/\/www.godsofinktattooconvention.com\/wp-content\/uploads\/2026\/03\/DSC_6600-640x818.jpg 640w, https:\/\/www.godsofinktattooconvention.com\/wp-content\/uploads\/2026\/03\/DSC_6600-400x511.jpg 400w, https:\/\/www.godsofinktattooconvention.com\/wp-content\/uploads\/2026\/03\/DSC_6600-367x469.jpg 367w\" sizes=\"(max-width: 1078px) 100vw, 1078px\" \/><\/figure><\/a><\/div>\t\t\t\t<\/div>\n\t\t\t\t<\/div>\n\t\t\t\t<div class=\"elementor-element elementor-element-5310b3a elementor-widget elementor-widget-text-editor\" data-id=\"5310b3a\" data-element_type=\"widget\" data-widget_type=\"text-editor.default\">\n\t\t\t\t<div class=\"elementor-widget-container\">\n\t\t\t\t\t\t\t\t\tChris lebt und arbeitet derzeit mit seiner Frau und seiner Tochter in London.\t\t\t\t\t\t\t\t<\/div>\n\t\t\t\t<\/div>\n\t\t\t\t\t<\/div>\r\n\t\t\t\t<\/div>\r\n\t\t\t\t\t<\/div>\r\n\t\t\t\t<\/section>\r\n\t\t\t\t<\/div>","protected":false},"excerpt":{"rendered":"<p>Our main Events: TIMETABLE Tattoo Competition FUEL Girls Irezumi Bijinga Sabina Kelley Horimono Shashin Keaps Exhibiton DJ Dag FELIX \u2013 Dare to dream Chris Guest Jam Box Tattoo Guitar Auction Karina Peisker Dannero &#8211; Heavy Mental Chris Guest is a London based artist. A child of the 80s, He grew up in inner city Bristol, [&hellip;]<\/p>","protected":false},"author":1,"featured_media":0,"parent":3634,"menu_order":0,"comment_status":"closed","ping_status":"closed","template":"","meta":{"footnotes":""},"class_list":["post-8421","page","type-page","status-publish","hentry"],"_links":{"self":[{"href":"https:\/\/www.godsofinktattooconvention.com\/de\/wp-json\/wp\/v2\/pages\/8421","targetHints":{"allow":["GET"]}}],"collection":[{"href":"https:\/\/www.godsofinktattooconvention.com\/de\/wp-json\/wp\/v2\/pages"}],"about":[{"href":"https:\/\/www.godsofinktattooconvention.com\/de\/wp-json\/wp\/v2\/types\/page"}],"author":[{"embeddable":true,"href":"https:\/\/www.godsofinktattooconvention.com\/de\/wp-json\/wp\/v2\/users\/1"}],"replies":[{"embeddable":true,"href":"https:\/\/www.godsofinktattooconvention.com\/de\/wp-json\/wp\/v2\/comments?post=8421"}],"version-history":[{"count":0,"href":"https:\/\/www.godsofinktattooconvention.com\/de\/wp-json\/wp\/v2\/pages\/8421\/revisions"}],"up":[{"embeddable":true,"href":"https:\/\/www.godsofinktattooconvention.com\/de\/wp-json\/wp\/v2\/pages\/3634"}],"wp:attachment":[{"href":"https:\/\/www.godsofinktattooconvention.com\/de\/wp-json\/wp\/v2\/media?parent=8421"}],"curies":[{"name":"wp","href":"https:\/\/api.w.org\/{rel}","templated":true}]}}