
{"id":9085,"date":"2026-03-14T15:43:35","date_gmt":"2026-03-14T14:43:35","guid":{"rendered":"https:\/\/www.godsofinktattooconvention.com\/?page_id=9085"},"modified":"2026-03-17T19:47:45","modified_gmt":"2026-03-17T18:47:45","slug":"tattoo-competition-2","status":"publish","type":"page","link":"https:\/\/www.godsofinktattooconvention.com\/de\/events\/tattoo-competition-2\/","title":{"rendered":"Tattoo Competition"},"content":{"rendered":"<div data-elementor-type=\"wp-page\" data-elementor-id=\"9085\" class=\"elementor elementor-9085\">\n\t\t\t\t\t\t<section class=\"elementor-section elementor-top-section elementor-element elementor-element-9670266 flex-wrap-wrap pt-60 pb-40 elementor-reverse-tablet elementor-reverse-mobile elementor-section-boxed elementor-section-height-default elementor-section-height-default\" data-id=\"9670266\" data-element_type=\"section\">\r\n\t\t\r\n\t\t\t\t\t\t\t<div class=\"elementor-container elementor-column-gap-default\">\r\n\t\t\t\t\t\t\t\t\t\t\t<div class=\"elementor-column elementor-col-50 elementor-top-column elementor-element elementor-element-a39d1ac\" data-id=\"a39d1ac\" data-element_type=\"column\">\r\n\t\t\t\t\t<div class=\"elementor-widget-wrap elementor-element-populated\">\r\n\t\t\t\t\t\t\t\t<div class=\"elementor-element elementor-element-75c5fa0 mb-1 pb-3 elementor-widget elementor-widget-heading\" data-id=\"75c5fa0\" data-element_type=\"widget\" data-widget_type=\"heading.default\">\n\t\t\t\t<div class=\"elementor-widget-container\">\n\t\t\t\t\t<h3 class=\"elementor-heading-title elementor-size-default\">Our main Events:<\/h3>\t\t\t\t<\/div>\n\t\t\t\t<\/div>\n\t\t\t\t<div class=\"elementor-element elementor-element-f0dd112 elementor-widget elementor-widget-porto_sidebar_menu\" data-id=\"f0dd112\" data-element_type=\"widget\" data-widget_type=\"porto_sidebar_menu.default\">\n\t\t\t\t<div class=\"elementor-widget-container\">\n\t\t\t\t\t<div class=\"widget_sidebar_menu main-sidebar-menu service-menu mb-lg-5\"><div class=\"sidebar-menu-wrap\">Please select a valid menu to display.<\/div><\/div>\t\t\t\t<\/div>\n\t\t\t\t<\/div>\n\t\t\t\t\t<\/div>\r\n\t\t\t\t<\/div>\r\n\t\t\t\t<div class=\"elementor-column elementor-col-50 elementor-top-column elementor-element elementor-element-255b5c2\" data-id=\"255b5c2\" data-element_type=\"column\">\r\n\t\t\t\t\t<div class=\"elementor-widget-wrap elementor-element-populated\">\r\n\t\t\t\t\t\t\t\t<div class=\"elementor-element elementor-element-aff70f4 elementor-widget elementor-widget-heading\" data-id=\"aff70f4\" data-element_type=\"widget\" data-widget_type=\"heading.default\">\n\t\t\t\t<div class=\"elementor-widget-container\">\n\t\t\t\t\t<h2 class=\"elementor-heading-title elementor-size-default\">Die Gods of Ink Tattoo Convention freut sich, die 2. Ausgabe unserer mit Spannung erwarteten Tattoo-Competition zu pr\u00e4sentieren.<\/h2>\t\t\t\t<\/div>\n\t\t\t\t<\/div>\n\t\t\t\t<div class=\"elementor-element elementor-element-233786c mb-2 elementor-widget elementor-widget-text-editor\" data-id=\"233786c\" data-element_type=\"widget\" data-widget_type=\"text-editor.default\">\n\t\t\t\t<div class=\"elementor-widget-container\">\n\t\t\t\t\t\t\t\t\t<p class=\"mb-2\">In diesem Jahr wird unsere B\u00fchne einige der spektakul\u00e4rsten Tattoo-Kunstwerke der Welt pr\u00e4sentieren und den Besuchern die Chance bieten, die besten Tattoos zu sehen, die im Laufe des Convention-Wochenendes entstanden sind - und die besten Tattoos der Welt.<\/p>\n<p class=\"\">Der stets gut besuchte Tattoo-Wettbewerb ist ein H\u00f6hepunkt der Convention, bei dem K\u00fcnstler und T\u00e4towierte auf der B\u00fchne atemberaubende Kunstwerke pr\u00e4sentieren.<\/p>\t\t\t\t\t\t\t\t<\/div>\n\t\t\t\t<\/div>\n\t\t\t\t<div class=\"elementor-element elementor-element-c8b32ab elementor-widget elementor-widget-porto_image_gallery\" data-id=\"c8b32ab\" data-element_type=\"widget\" data-settings=\"{&quot;view&quot;:&quot;masonry&quot;,&quot;spacing&quot;:{&quot;unit&quot;:&quot;px&quot;,&quot;size&quot;:&quot;&quot;,&quot;sizes&quot;:[]}}\" data-widget_type=\"porto_image_gallery.default\">\n\t\t\t\t<div class=\"elementor-widget-container\">\n\t\t\t\t\t<div class=\"porto-gallery has-ccols ccols-1 ccols-sm-2 porto-gallery-masonry porto-ig-zoom\" data-plugin-masonry data-plugin-options=\"{&quot;layoutMode&quot;:&quot;masonry&quot;,&quot;itemSelector&quot;:&quot;a&quot;,&quot;masonry&quot;:{&quot;columnWidth&quot;:&quot;a&quot;},&quot;animationEngine&quot;:&quot;best-available&quot;,&quot;resizable&quot;:false}\"><a href=\"https:\/\/www.godsofinktattooconvention.com\/wp-content\/uploads\/2026\/03\/0cd82c13-f4da-4be8-b338-40c4a69f3a8a.jpg\"><figure><img fetchpriority=\"high\" decoding=\"async\" width=\"1078\" height=\"1437\" src=\"https:\/\/www.godsofinktattooconvention.com\/wp-content\/uploads\/2026\/03\/0cd82c13-f4da-4be8-b338-40c4a69f3a8a.jpg\" class=\"attachment-full size-full\" alt=\"\" srcset=\"https:\/\/www.godsofinktattooconvention.com\/wp-content\/uploads\/2026\/03\/0cd82c13-f4da-4be8-b338-40c4a69f3a8a.jpg 1078w, https:\/\/www.godsofinktattooconvention.com\/wp-content\/uploads\/2026\/03\/0cd82c13-f4da-4be8-b338-40c4a69f3a8a-768x1024.jpg 768w, https:\/\/www.godsofinktattooconvention.com\/wp-content\/uploads\/2026\/03\/0cd82c13-f4da-4be8-b338-40c4a69f3a8a-640x853.jpg 640w, https:\/\/www.godsofinktattooconvention.com\/wp-content\/uploads\/2026\/03\/0cd82c13-f4da-4be8-b338-40c4a69f3a8a-400x533.jpg 400w, https:\/\/www.godsofinktattooconvention.com\/wp-content\/uploads\/2026\/03\/0cd82c13-f4da-4be8-b338-40c4a69f3a8a-367x489.jpg 367w\" sizes=\"(max-width: 1078px) 100vw, 1078px\" \/><\/figure><\/a><a href=\"https:\/\/www.godsofinktattooconvention.com\/wp-content\/uploads\/2026\/03\/10440340-5504-4a1b-ad12-f1f80119489c.jpg\"><figure><img decoding=\"async\" width=\"1078\" height=\"1437\" src=\"https:\/\/www.godsofinktattooconvention.com\/wp-content\/uploads\/2026\/03\/10440340-5504-4a1b-ad12-f1f80119489c.jpg\" class=\"attachment-full size-full\" alt=\"\" srcset=\"https:\/\/www.godsofinktattooconvention.com\/wp-content\/uploads\/2026\/03\/10440340-5504-4a1b-ad12-f1f80119489c.jpg 1078w, https:\/\/www.godsofinktattooconvention.com\/wp-content\/uploads\/2026\/03\/10440340-5504-4a1b-ad12-f1f80119489c-768x1024.jpg 768w, https:\/\/www.godsofinktattooconvention.com\/wp-content\/uploads\/2026\/03\/10440340-5504-4a1b-ad12-f1f80119489c-640x853.jpg 640w, https:\/\/www.godsofinktattooconvention.com\/wp-content\/uploads\/2026\/03\/10440340-5504-4a1b-ad12-f1f80119489c-400x533.jpg 400w, https:\/\/www.godsofinktattooconvention.com\/wp-content\/uploads\/2026\/03\/10440340-5504-4a1b-ad12-f1f80119489c-367x489.jpg 367w\" sizes=\"(max-width: 1078px) 100vw, 1078px\" \/><\/figure><\/a><a href=\"https:\/\/www.godsofinktattooconvention.com\/wp-content\/uploads\/2026\/03\/d268a4cb-4a1a-4a6d-8978-1aedce0e8b47.jpg\"><figure><img decoding=\"async\" width=\"1078\" height=\"1437\" src=\"https:\/\/www.godsofinktattooconvention.com\/wp-content\/uploads\/2026\/03\/d268a4cb-4a1a-4a6d-8978-1aedce0e8b47.jpg\" class=\"attachment-full size-full\" alt=\"\" srcset=\"https:\/\/www.godsofinktattooconvention.com\/wp-content\/uploads\/2026\/03\/d268a4cb-4a1a-4a6d-8978-1aedce0e8b47.jpg 1078w, https:\/\/www.godsofinktattooconvention.com\/wp-content\/uploads\/2026\/03\/d268a4cb-4a1a-4a6d-8978-1aedce0e8b47-768x1024.jpg 768w, https:\/\/www.godsofinktattooconvention.com\/wp-content\/uploads\/2026\/03\/d268a4cb-4a1a-4a6d-8978-1aedce0e8b47-640x853.jpg 640w, https:\/\/www.godsofinktattooconvention.com\/wp-content\/uploads\/2026\/03\/d268a4cb-4a1a-4a6d-8978-1aedce0e8b47-400x533.jpg 400w, https:\/\/www.godsofinktattooconvention.com\/wp-content\/uploads\/2026\/03\/d268a4cb-4a1a-4a6d-8978-1aedce0e8b47-367x489.jpg 367w\" sizes=\"(max-width: 1078px) 100vw, 1078px\" \/><\/figure><\/a><a href=\"https:\/\/www.godsofinktattooconvention.com\/wp-content\/uploads\/2026\/03\/a330de94-63be-497d-87b0-56b2fbb3b71d.jpg\"><figure><img loading=\"lazy\" decoding=\"async\" width=\"1078\" height=\"1437\" src=\"https:\/\/www.godsofinktattooconvention.com\/wp-content\/uploads\/2026\/03\/a330de94-63be-497d-87b0-56b2fbb3b71d.jpg\" class=\"attachment-full size-full\" alt=\"\" srcset=\"https:\/\/www.godsofinktattooconvention.com\/wp-content\/uploads\/2026\/03\/a330de94-63be-497d-87b0-56b2fbb3b71d.jpg 1078w, https:\/\/www.godsofinktattooconvention.com\/wp-content\/uploads\/2026\/03\/a330de94-63be-497d-87b0-56b2fbb3b71d-768x1024.jpg 768w, https:\/\/www.godsofinktattooconvention.com\/wp-content\/uploads\/2026\/03\/a330de94-63be-497d-87b0-56b2fbb3b71d-640x853.jpg 640w, https:\/\/www.godsofinktattooconvention.com\/wp-content\/uploads\/2026\/03\/a330de94-63be-497d-87b0-56b2fbb3b71d-400x533.jpg 400w, https:\/\/www.godsofinktattooconvention.com\/wp-content\/uploads\/2026\/03\/a330de94-63be-497d-87b0-56b2fbb3b71d-367x489.jpg 367w\" sizes=\"(max-width: 1078px) 100vw, 1078px\" \/><\/figure><\/a><\/div>\t\t\t\t<\/div>\n\t\t\t\t<\/div>\n\t\t\t\t<div class=\"elementor-element elementor-element-503e27e mb-2 elementor-widget elementor-widget-text-editor\" data-id=\"503e27e\" data-element_type=\"widget\" data-widget_type=\"text-editor.default\">\n\t\t\t\t<div class=\"elementor-widget-container\">\n\t\t\t\t\t\t\t\t\t<p class=\"\">Unsere Fachjury wird kritisch ausw\u00e4hlen, wer mit einer begehrten Preistroph\u00e4e ausgezeichnet wird, die nach alter Tradition von der Silberschmiede El Rana angefertigt werden. Inspiriert von religi\u00f6ser Ikonographie und mit echten \"Ex-Voto\"-Motiven versehen, werden diese begehrten Auszeichnungen einen stolzen Platz in den Ateliers der gl\u00fccklichen Gewinner einnehmen.<\/p>\t\t\t\t\t\t\t\t<\/div>\n\t\t\t\t<\/div>\n\t\t\t\t<div class=\"elementor-element elementor-element-caec4fe mb0 elementor-widget elementor-widget-porto_image_gallery\" data-id=\"caec4fe\" data-element_type=\"widget\" data-settings=\"{&quot;view&quot;:&quot;grid&quot;,&quot;spacing&quot;:{&quot;unit&quot;:&quot;px&quot;,&quot;size&quot;:&quot;&quot;,&quot;sizes&quot;:[]}}\" data-widget_type=\"porto_image_gallery.default\">\n\t\t\t\t<div class=\"elementor-widget-container\">\n\t\t\t\t\t<div class=\"porto-gallery has-ccols ccols-1 porto-gallery-grid align-items-start porto-ig-zoom\"><a href=\"https:\/\/www.godsofinktattooconvention.com\/wp-content\/uploads\/2026\/03\/E5068223-0196-4D5A-A170-B6AE4DD785FF.jpg\"><figure><img loading=\"lazy\" decoding=\"async\" width=\"1078\" height=\"719\" src=\"https:\/\/www.godsofinktattooconvention.com\/wp-content\/uploads\/2026\/03\/E5068223-0196-4D5A-A170-B6AE4DD785FF.jpg\" class=\"attachment-full size-full\" alt=\"\" srcset=\"https:\/\/www.godsofinktattooconvention.com\/wp-content\/uploads\/2026\/03\/E5068223-0196-4D5A-A170-B6AE4DD785FF.jpg 1078w, https:\/\/www.godsofinktattooconvention.com\/wp-content\/uploads\/2026\/03\/E5068223-0196-4D5A-A170-B6AE4DD785FF-1024x683.jpg 1024w, https:\/\/www.godsofinktattooconvention.com\/wp-content\/uploads\/2026\/03\/E5068223-0196-4D5A-A170-B6AE4DD785FF-768x512.jpg 768w, https:\/\/www.godsofinktattooconvention.com\/wp-content\/uploads\/2026\/03\/E5068223-0196-4D5A-A170-B6AE4DD785FF-640x427.jpg 640w, https:\/\/www.godsofinktattooconvention.com\/wp-content\/uploads\/2026\/03\/E5068223-0196-4D5A-A170-B6AE4DD785FF-400x267.jpg 400w, https:\/\/www.godsofinktattooconvention.com\/wp-content\/uploads\/2026\/03\/E5068223-0196-4D5A-A170-B6AE4DD785FF-367x245.jpg 367w\" sizes=\"(max-width: 1078px) 100vw, 1078px\" \/><\/figure><\/a><\/div>\t\t\t\t<\/div>\n\t\t\t\t<\/div>\n\t\t\t\t<div class=\"elementor-element elementor-element-8f51d0c elementor-widget elementor-widget-porto_image_gallery\" data-id=\"8f51d0c\" data-element_type=\"widget\" data-settings=\"{&quot;view&quot;:&quot;grid&quot;,&quot;spacing&quot;:{&quot;unit&quot;:&quot;px&quot;,&quot;size&quot;:&quot;&quot;,&quot;sizes&quot;:[]}}\" data-widget_type=\"porto_image_gallery.default\">\n\t\t\t\t<div class=\"elementor-widget-container\">\n\t\t\t\t\t<div class=\"porto-gallery has-ccols ccols-1 ccols-sm-2 porto-gallery-grid align-items-start porto-ig-zoom\"><a href=\"https:\/\/www.godsofinktattooconvention.com\/wp-content\/uploads\/2026\/03\/F3FAC08E-2047-434A-AD08-38145E92CDD3.jpg\"><figure><img loading=\"lazy\" decoding=\"async\" width=\"1078\" height=\"1480\" src=\"https:\/\/www.godsofinktattooconvention.com\/wp-content\/uploads\/2026\/03\/F3FAC08E-2047-434A-AD08-38145E92CDD3.jpg\" class=\"attachment-full size-full\" alt=\"\" srcset=\"https:\/\/www.godsofinktattooconvention.com\/wp-content\/uploads\/2026\/03\/F3FAC08E-2047-434A-AD08-38145E92CDD3.jpg 1078w, https:\/\/www.godsofinktattooconvention.com\/wp-content\/uploads\/2026\/03\/F3FAC08E-2047-434A-AD08-38145E92CDD3-746x1024.jpg 746w, https:\/\/www.godsofinktattooconvention.com\/wp-content\/uploads\/2026\/03\/F3FAC08E-2047-434A-AD08-38145E92CDD3-768x1054.jpg 768w, https:\/\/www.godsofinktattooconvention.com\/wp-content\/uploads\/2026\/03\/F3FAC08E-2047-434A-AD08-38145E92CDD3-640x879.jpg 640w, https:\/\/www.godsofinktattooconvention.com\/wp-content\/uploads\/2026\/03\/F3FAC08E-2047-434A-AD08-38145E92CDD3-400x549.jpg 400w, https:\/\/www.godsofinktattooconvention.com\/wp-content\/uploads\/2026\/03\/F3FAC08E-2047-434A-AD08-38145E92CDD3-367x504.jpg 367w\" sizes=\"(max-width: 1078px) 100vw, 1078px\" \/><\/figure><\/a><a href=\"https:\/\/www.godsofinktattooconvention.com\/wp-content\/uploads\/2026\/03\/70AC7442-3993-4583-A7E9-8701542BD6A4.jpg\"><figure><img loading=\"lazy\" decoding=\"async\" width=\"1078\" height=\"1487\" src=\"https:\/\/www.godsofinktattooconvention.com\/wp-content\/uploads\/2026\/03\/70AC7442-3993-4583-A7E9-8701542BD6A4.jpg\" class=\"attachment-full size-full\" alt=\"\" srcset=\"https:\/\/www.godsofinktattooconvention.com\/wp-content\/uploads\/2026\/03\/70AC7442-3993-4583-A7E9-8701542BD6A4.jpg 1078w, https:\/\/www.godsofinktattooconvention.com\/wp-content\/uploads\/2026\/03\/70AC7442-3993-4583-A7E9-8701542BD6A4-742x1024.jpg 742w, https:\/\/www.godsofinktattooconvention.com\/wp-content\/uploads\/2026\/03\/70AC7442-3993-4583-A7E9-8701542BD6A4-768x1059.jpg 768w, https:\/\/www.godsofinktattooconvention.com\/wp-content\/uploads\/2026\/03\/70AC7442-3993-4583-A7E9-8701542BD6A4-640x883.jpg 640w, https:\/\/www.godsofinktattooconvention.com\/wp-content\/uploads\/2026\/03\/70AC7442-3993-4583-A7E9-8701542BD6A4-400x552.jpg 400w, https:\/\/www.godsofinktattooconvention.com\/wp-content\/uploads\/2026\/03\/70AC7442-3993-4583-A7E9-8701542BD6A4-367x506.jpg 367w\" sizes=\"(max-width: 1078px) 100vw, 1078px\" \/><\/figure><\/a><\/div>\t\t\t\t<\/div>\n\t\t\t\t<\/div>\n\t\t\t\t<div class=\"elementor-element elementor-element-0696471 mb-2 elementor-widget elementor-widget-text-editor\" data-id=\"0696471\" data-element_type=\"widget\" data-widget_type=\"text-editor.default\">\n\t\t\t\t<div class=\"elementor-widget-container\">\n\t\t\t\t\t\t\t\t\t<p class=\"mb-2\">Wir haben die Ehre, von einer ph\u00e4nomenalen Jury aus Tattoo-Experten unterst\u00fctzt zu werden. Dieses Jahr werden die weltber\u00fchmten Artists Filip Leu, Mark Mahoney, Luke Atkinson, Junii Salmon und Tin Tin die Bewertung vornehmen - zusammen mit den sensationellen Fuel Girls, die die Troph\u00e4en \u00fcberreichen.<\/p>\n\t\t\t\t\t\t\t\t<\/div>\n\t\t\t\t<\/div>\n\t\t\t\t<div class=\"elementor-element elementor-element-99db103 mb-5 elementor-widget elementor-widget-accordion\" data-id=\"99db103\" data-element_type=\"widget\" data-widget_type=\"accordion.default\">\n\t\t\t\t<div class=\"elementor-widget-container\">\n\t\t\t\t\t\t\t<div class=\"elementor-accordion\">\n\t\t\t\t\t\t\t<div class=\"elementor-accordion-item\">\n\t\t\t\t\t<div id=\"elementor-tab-title-1611\" class=\"elementor-tab-title\" data-tab=\"1\" role=\"button\" aria-controls=\"elementor-tab-content-1611\" aria-expanded=\"false\">\n\t\t\t\t\t\t\t\t\t\t\t\t\t<span class=\"elementor-accordion-icon elementor-accordion-icon-left\" aria-hidden=\"true\">\n\t\t\t\t\t\t\t\t\t\t\t\t\t\t\t<span class=\"elementor-accordion-icon-closed\"><i class=\"fas fa-plus\"><\/i><\/span>\n\t\t\t\t\t\t\t\t<span class=\"elementor-accordion-icon-opened\"><i class=\"fas fa-minus\"><\/i><\/span>\n\t\t\t\t\t\t\t\t\t\t\t\t\t\t<\/span>\n\t\t\t\t\t\t\t\t\t\t\t\t<a class=\"elementor-accordion-title\" tabindex=\"0\">FRYDAY<\/a>\n\t\t\t\t\t<\/div>\n\t\t\t\t\t<div id=\"elementor-tab-content-1611\" class=\"elementor-tab-content elementor-clearfix\" data-tab=\"1\" role=\"region\" aria-labelledby=\"elementor-tab-title-1611\"><div class=\"mb-0\"><strong>Competition Category:<br \/><\/strong>Best colours<br \/>Best realism<\/div><\/div>\n\t\t\t\t<\/div>\n\t\t\t\t\t\t\t<div class=\"elementor-accordion-item\">\n\t\t\t\t\t<div id=\"elementor-tab-title-1612\" class=\"elementor-tab-title\" data-tab=\"2\" role=\"button\" aria-controls=\"elementor-tab-content-1612\" aria-expanded=\"false\">\n\t\t\t\t\t\t\t\t\t\t\t\t\t<span class=\"elementor-accordion-icon elementor-accordion-icon-left\" aria-hidden=\"true\">\n\t\t\t\t\t\t\t\t\t\t\t\t\t\t\t<span class=\"elementor-accordion-icon-closed\"><i class=\"fas fa-plus\"><\/i><\/span>\n\t\t\t\t\t\t\t\t<span class=\"elementor-accordion-icon-opened\"><i class=\"fas fa-minus\"><\/i><\/span>\n\t\t\t\t\t\t\t\t\t\t\t\t\t\t<\/span>\n\t\t\t\t\t\t\t\t\t\t\t\t<a class=\"elementor-accordion-title\" tabindex=\"0\">SAMSTAG<\/a>\n\t\t\t\t\t<\/div>\n\t\t\t\t\t<div id=\"elementor-tab-content-1612\" class=\"elementor-tab-content elementor-clearfix\" data-tab=\"2\" role=\"region\" aria-labelledby=\"elementor-tab-title-1612\"><div class=\"mb-0\"><strong>Competition Category:<br \/><\/strong>Best black and grey<br \/>Best ornamental<br \/>Best of day<\/div><\/div>\n\t\t\t\t<\/div>\n\t\t\t\t\t\t\t<div class=\"elementor-accordion-item\">\n\t\t\t\t\t<div id=\"elementor-tab-title-1613\" class=\"elementor-tab-title\" data-tab=\"3\" role=\"button\" aria-controls=\"elementor-tab-content-1613\" aria-expanded=\"false\">\n\t\t\t\t\t\t\t\t\t\t\t\t\t<span class=\"elementor-accordion-icon elementor-accordion-icon-left\" aria-hidden=\"true\">\n\t\t\t\t\t\t\t\t\t\t\t\t\t\t\t<span class=\"elementor-accordion-icon-closed\"><i class=\"fas fa-plus\"><\/i><\/span>\n\t\t\t\t\t\t\t\t<span class=\"elementor-accordion-icon-opened\"><i class=\"fas fa-minus\"><\/i><\/span>\n\t\t\t\t\t\t\t\t\t\t\t\t\t\t<\/span>\n\t\t\t\t\t\t\t\t\t\t\t\t<a class=\"elementor-accordion-title\" tabindex=\"0\">SONNTAG<\/a>\n\t\t\t\t\t<\/div>\n\t\t\t\t\t<div id=\"elementor-tab-content-1613\" class=\"elementor-tab-content elementor-clearfix\" data-tab=\"3\" role=\"region\" aria-labelledby=\"elementor-tab-title-1613\"><div class=\"mb-0\"><strong>Competition Category:<br \/><\/strong>Best back piece\/coverage<br \/>Best of show<\/div><\/div>\n\t\t\t\t<\/div>\n\t\t\t\t\t\t\t\t\t\t<script type=\"application\/ld+json\">{\"@context\":\"https:\\\/\\\/schema.org\",\"@type\":\"FAQPage\",\"mainEntity\":[{\"@type\":\"Question\",\"name\":\"FRYDAY\",\"acceptedAnswer\":{\"@type\":\"Answer\",\"text\":\"<div class=\\\"mb-0\\\"><strong>Competition Category:<br \\\/><\\\/strong>Best colours<br \\\/>Best realism<\\\/div>\"}},{\"@type\":\"Question\",\"name\":\"SATURDAY\",\"acceptedAnswer\":{\"@type\":\"Answer\",\"text\":\"<div class=\\\"mb-0\\\"><strong>Competition Category:<br \\\/><\\\/strong>Best black and grey<br \\\/>Best ornamental<br \\\/>Best of day<\\\/div>\"}},{\"@type\":\"Question\",\"name\":\"SUNDAY\",\"acceptedAnswer\":{\"@type\":\"Answer\",\"text\":\"<div class=\\\"mb-0\\\"><strong>Competition Category:<br \\\/><\\\/strong>Best back piece\\\/coverage<br \\\/>Best of show<\\\/div>\"}}]}<\/script>\n\t\t\t\t\t<\/div>\n\t\t\t\t\t\t<\/div>\n\t\t\t\t<\/div>\n\t\t\t\t\t<\/div>\r\n\t\t\t\t<\/div>\r\n\t\t\t\t\t<\/div>\r\n\t\t\t\t<\/section>\r\n\t\t\t\t<\/div>","protected":false},"excerpt":{"rendered":"<p>Our main Events: TIMETABLE FUEL Girls Mike Dorsey Chris Guest InkCircus Italian Hustla Keaps Exhibiton Metal for Nepal Kosmikite The lone wolf The Gods of ink Tattoo Convention is proud to present the 1st edition of our highly anticipated Tattoo Competition. This year the Tattoo Competition Stage will showcase some of the most spectacular tattoo [&hellip;]<\/p>","protected":false},"author":1,"featured_media":0,"parent":3634,"menu_order":0,"comment_status":"closed","ping_status":"closed","template":"","meta":{"footnotes":""},"class_list":["post-9085","page","type-page","status-publish","hentry"],"_links":{"self":[{"href":"https:\/\/www.godsofinktattooconvention.com\/de\/wp-json\/wp\/v2\/pages\/9085","targetHints":{"allow":["GET"]}}],"collection":[{"href":"https:\/\/www.godsofinktattooconvention.com\/de\/wp-json\/wp\/v2\/pages"}],"about":[{"href":"https:\/\/www.godsofinktattooconvention.com\/de\/wp-json\/wp\/v2\/types\/page"}],"author":[{"embeddable":true,"href":"https:\/\/www.godsofinktattooconvention.com\/de\/wp-json\/wp\/v2\/users\/1"}],"replies":[{"embeddable":true,"href":"https:\/\/www.godsofinktattooconvention.com\/de\/wp-json\/wp\/v2\/comments?post=9085"}],"version-history":[{"count":0,"href":"https:\/\/www.godsofinktattooconvention.com\/de\/wp-json\/wp\/v2\/pages\/9085\/revisions"}],"up":[{"embeddable":true,"href":"https:\/\/www.godsofinktattooconvention.com\/de\/wp-json\/wp\/v2\/pages\/3634"}],"wp:attachment":[{"href":"https:\/\/www.godsofinktattooconvention.com\/de\/wp-json\/wp\/v2\/media?parent=9085"}],"curies":[{"name":"wp","href":"https:\/\/api.w.org\/{rel}","templated":true}]}}